{"id":733,"date":"2025-06-12T02:19:59","date_gmt":"2025-06-12T02:19:59","guid":{"rendered":"https:\/\/eu.vanilla-trade.com\/?post_type=product&#038;p=733"},"modified":"2026-01-15T20:26:02","modified_gmt":"2026-01-16T01:26:02","slug":"vanille-salz","status":"publish","type":"product","link":"https:\/\/eu.vanilla-trade.com\/es\/producto\/vanille-salz\/","title":{"rendered":"Sal de Vainilla"},"content":{"rendered":"<p><span style=\"font-weight: 400;\">Aroma y uso de la sal de vainilla<\/span><span style=\"font-weight: 400;\"><br \/>\n<\/span><span style=\"font-weight: 400;\">La sal de vainilla es ideal para realzar el sabor de pescados, aves y frutas tropicales como el mango o la papaya. Tambi\u00e9n combina muy bien con verduras delicadas como las espinacas o los esp\u00e1rragos. Sus c\u00e1lidos aromas armonizan perfectamente con el jengibre y el ajo. Puede utilizarse en lugar de la sal com\u00fan para dar un toque especial a platos salados.<\/span><\/p>\n<p><span style=\"font-weight: 400;\">La m\u00e1s fina sal marina se enriquece con polvo de vainilla mexicana seleccionada. El aroma envolvente de la vaina de vainilla aporta un sabor extraordinario a salsas, aderezos, sopas y arroces. Ofrecemos tanto sal de vainilla mexicana pura como una variante con un toque picante de chile piqu\u00edn.<\/span><\/p>\n<p><span style=\"font-weight: 400;\">Unser pers\u00f6nlicher Tipp f\u00fcr Sie:<\/span><span style=\"font-weight: 400;\"><br \/>\n<\/span><span style=\"font-weight: 400;\">W\u00fcrzen Sie ein saftiges Steak mit etwas Vanillesalz. Oder probieren Sie Vanillesalz und Knoblauch in der Marinade von Scampi oder Garnelen \u2013 die ungew\u00f6hnliche Kombination des erdig-w\u00fcrzigen Aromas mexikanischer Vanille mit Meersalz sorgt f\u00fcr ein einzigartiges Geschmackserlebnis vom Grill.<\/span><\/p>","protected":false},"excerpt":{"rendered":"<p><span style=\"font-weight: 400;\">Sal de vainilla \u2013 la m\u00e1s fina sal marina enriquecida con vainilla mexicana para aportar aromas \u00fanicos en la cocina, la parrilla y los c\u00f3cteles.<\/span><\/p>","protected":false},"featured_media":751,"template":"","meta":[],"product_brand":[],"product_cat":[73],"product_tag":[],"class_list":{"0":"post-733","1":"product","2":"type-product","3":"status-publish","4":"has-post-thumbnail","6":"product_cat-gewurze-mit-vanille","8":"first","9":"outofstock","10":"shipping-taxable","11":"purchasable","12":"product-type-variable"},"_links":{"self":[{"href":"https:\/\/eu.vanilla-trade.com\/es\/wp-json\/wp\/v2\/product\/733","targetHints":{"allow":["GET"]}}],"collection":[{"href":"https:\/\/eu.vanilla-trade.com\/es\/wp-json\/wp\/v2\/product"}],"about":[{"href":"https:\/\/eu.vanilla-trade.com\/es\/wp-json\/wp\/v2\/types\/product"}],"wp:featuredmedia":[{"embeddable":true,"href":"https:\/\/eu.vanilla-trade.com\/es\/wp-json\/wp\/v2\/media\/751"}],"wp:attachment":[{"href":"https:\/\/eu.vanilla-trade.com\/es\/wp-json\/wp\/v2\/media?parent=733"}],"wp:term":[{"taxonomy":"product_brand","embeddable":true,"href":"https:\/\/eu.vanilla-trade.com\/es\/wp-json\/wp\/v2\/product_brand?post=733"},{"taxonomy":"product_cat","embeddable":true,"href":"https:\/\/eu.vanilla-trade.com\/es\/wp-json\/wp\/v2\/product_cat?post=733"},{"taxonomy":"product_tag","embeddable":true,"href":"https:\/\/eu.vanilla-trade.com\/es\/wp-json\/wp\/v2\/product_tag?post=733"}],"curies":[{"name":"wp","href":"https:\/\/api.w.org\/{rel}","templated":true}]}}