{"id":729,"date":"2025-06-12T02:19:59","date_gmt":"2025-06-12T02:19:59","guid":{"rendered":"https:\/\/eu.vanilla-trade.com\/?post_type=product&#038;p=729"},"modified":"2026-01-15T20:27:12","modified_gmt":"2026-01-16T01:27:12","slug":"vanille-salz-und-piquin","status":"publish","type":"product","link":"https:\/\/eu.vanilla-trade.com\/es\/producto\/vanille-salz-und-piquin\/","title":{"rendered":"Vanille Salz &#038; Piqu\u00edn"},"content":{"rendered":"<p>Aroma und Verwendung von Vanillesalz &amp; Chili Piquin<\/p>\n<p>El aroma de la sal de vainilla mexicana es pleno, sabroso, ligeramente picante, delicadamente afrutado y combina perfectamente con ajo o jengibre. Es la mezcla ideal para quienes aprecian el componente afrutado de los chiles pero no desean un picante excesivo. Aqu\u00ed se encuentran el aroma dulce y amaderado de la vainilla mexicana con la fruta y el picante de los chiles, todo equilibrado con fina sal marina.<\/p>\n<p>La sal de vainilla mexicana &amp; chile Piqu\u00edn combina bien con pescado, salm\u00f3n ahumado y pollo. Realza especialmente el sabor de crust\u00e1ceos y moluscos, como las vieiras. Tambi\u00e9n aporta un aroma \u00fanico a otras aves y verduras. Puede usarse en arroz, esp\u00e1rragos, aguacate, calabaza o sopas, para redondear salsas o como aderezo especial y ex\u00f3tico para ensaladas de vegetales crudos. Este condimento es especialmente adecuado para zanahorias.<\/p>\n<p>\u00a1Nuestro consejo personal para usted!<\/p>\n<p>Por cierto: la sal de vainilla es sin duda un regalo gourmet o un souvenir especial y poco com\u00fan.<\/p>\n<p>Descripci\u00f3n: Mezcla de sal vers\u00e1til. Combinaci\u00f3n de sal marina finamente molida, polvo de vainilla mexicana finamente molido y chile Piqu\u00edn molido. F\u00e1cil de dosificar.<\/p>\n<p><span style=\"font-weight: 400;\">Cada cucharada de sal de vainilla mexicana y chile piqu\u00edn contribuye al desarrollo y apoyo de las comunidades locales.<\/span><\/p>","protected":false},"excerpt":{"rendered":"<p><span style=\"font-weight: 400;\">Sal de vainilla exclusiva \u2013 el toque final perfecto para pescados, carnes, verduras y c\u00f3cteles.<\/span><\/p>","protected":false},"featured_media":749,"template":"","meta":[],"product_brand":[],"product_cat":[73],"product_tag":[],"class_list":{"0":"post-729","1":"product","2":"type-product","3":"status-publish","4":"has-post-thumbnail","6":"product_cat-gewurze-mit-vanille","8":"first","9":"outofstock","10":"shipping-taxable","11":"purchasable","12":"product-type-variable"},"_links":{"self":[{"href":"https:\/\/eu.vanilla-trade.com\/es\/wp-json\/wp\/v2\/product\/729","targetHints":{"allow":["GET"]}}],"collection":[{"href":"https:\/\/eu.vanilla-trade.com\/es\/wp-json\/wp\/v2\/product"}],"about":[{"href":"https:\/\/eu.vanilla-trade.com\/es\/wp-json\/wp\/v2\/types\/product"}],"wp:featuredmedia":[{"embeddable":true,"href":"https:\/\/eu.vanilla-trade.com\/es\/wp-json\/wp\/v2\/media\/749"}],"wp:attachment":[{"href":"https:\/\/eu.vanilla-trade.com\/es\/wp-json\/wp\/v2\/media?parent=729"}],"wp:term":[{"taxonomy":"product_brand","embeddable":true,"href":"https:\/\/eu.vanilla-trade.com\/es\/wp-json\/wp\/v2\/product_brand?post=729"},{"taxonomy":"product_cat","embeddable":true,"href":"https:\/\/eu.vanilla-trade.com\/es\/wp-json\/wp\/v2\/product_cat?post=729"},{"taxonomy":"product_tag","embeddable":true,"href":"https:\/\/eu.vanilla-trade.com\/es\/wp-json\/wp\/v2\/product_tag?post=729"}],"curies":[{"name":"wp","href":"https:\/\/api.w.org\/{rel}","templated":true}]}}