{"id":725,"date":"2025-06-12T02:19:58","date_gmt":"2025-06-12T02:19:58","guid":{"rendered":"https:\/\/eu.vanilla-trade.com\/?post_type=product&#038;p=725"},"modified":"2026-01-15T20:28:20","modified_gmt":"2026-01-16T01:28:20","slug":"vanille-zucker","status":"publish","type":"product","link":"https:\/\/eu.vanilla-trade.com\/es\/producto\/vanille-zucker\/","title":{"rendered":"Az\u00facar de Vainilla"},"content":{"rendered":"<p><b>Vainas de vainilla molidas<\/b><span style=\"font-weight: 400;\">\u00a0Son un componente esencial del az\u00facar vainillado... \u00a1y se nota en el sabor! <\/span><span style=\"font-weight: 400;\"><br \/>\n<\/span><span style=\"font-weight: 400;\">Este az\u00facar vainillado con polvo natural de vainilla mexicana es perfecto para todo tipo de postres, mermeladas, pudines, m\u00fcsli, batidos o c\u00f3cteles, o en cualquier lugar donde quieras ese delicado y dulce sabor de la vainilla mexicana.<\/span><span style=\"font-weight: 400;\"><br \/>\n<\/span><span style=\"font-weight: 400;\">Un toque de az\u00facar de vainilla \u2014 convierte cualquier receta en una peque\u00f1a obra maestra.\nEl intenso y natural az\u00facar vainillado aporta un aroma complejo a cada plato.\u00a0<\/span><\/p>\n<p><b>\u00a1Nuestro consejo personal para ti!<\/b><\/p>\n<p><span style=\"font-weight: 400;\">Prueba el az\u00facar vainillado con verdadera vainilla mexicana en un plato salado. Al tostarlo ligeramente con cebollas, obtendr\u00e1s un aroma dulce y salado con una profunda nota de vainilla. \u00a1Pru\u00e9balo, vale la pena!<\/span><\/p>\n<p><b>Descripci\u00f3n:<\/b><span style=\"font-weight: 400;\">\u00a0Az\u00facar de ca\u00f1a mexicano fino con vainas enteras y molidas de vainilla mexicana.<\/span><\/p>\n<p><b>Ideal para:<\/b><span style=\"font-weight: 400;\">\u00a0Productos de panader\u00eda, postres, ensaladas de frutas, batidos, sorbetes, c\u00f3cteles<\/span><\/p>","protected":false},"excerpt":{"rendered":"<p><span style=\"font-weight: 400;\">Az\u00facar de Vainilla \u2013 el equilibrio perfecto entre az\u00facar de ca\u00f1a y polvo de vainilla mexicana para momentos de placer extraordinarios.<\/span><\/p>","protected":false},"featured_media":748,"template":"","meta":[],"product_brand":[],"product_cat":[73],"product_tag":[],"class_list":{"0":"post-725","1":"product","2":"type-product","3":"status-publish","4":"has-post-thumbnail","6":"product_cat-gewurze-mit-vanille","8":"first","9":"outofstock","10":"shipping-taxable","11":"purchasable","12":"product-type-variable"},"_links":{"self":[{"href":"https:\/\/eu.vanilla-trade.com\/es\/wp-json\/wp\/v2\/product\/725","targetHints":{"allow":["GET"]}}],"collection":[{"href":"https:\/\/eu.vanilla-trade.com\/es\/wp-json\/wp\/v2\/product"}],"about":[{"href":"https:\/\/eu.vanilla-trade.com\/es\/wp-json\/wp\/v2\/types\/product"}],"wp:featuredmedia":[{"embeddable":true,"href":"https:\/\/eu.vanilla-trade.com\/es\/wp-json\/wp\/v2\/media\/748"}],"wp:attachment":[{"href":"https:\/\/eu.vanilla-trade.com\/es\/wp-json\/wp\/v2\/media?parent=725"}],"wp:term":[{"taxonomy":"product_brand","embeddable":true,"href":"https:\/\/eu.vanilla-trade.com\/es\/wp-json\/wp\/v2\/product_brand?post=725"},{"taxonomy":"product_cat","embeddable":true,"href":"https:\/\/eu.vanilla-trade.com\/es\/wp-json\/wp\/v2\/product_cat?post=725"},{"taxonomy":"product_tag","embeddable":true,"href":"https:\/\/eu.vanilla-trade.com\/es\/wp-json\/wp\/v2\/product_tag?post=725"}],"curies":[{"name":"wp","href":"https:\/\/api.w.org\/{rel}","templated":true}]}}