{"id":708,"date":"2025-06-12T02:19:45","date_gmt":"2025-06-12T02:19:45","guid":{"rendered":"https:\/\/eu.vanilla-trade.com\/?post_type=product&#038;p=708"},"modified":"2026-01-15T20:30:40","modified_gmt":"2026-01-16T01:30:40","slug":"vanille-extrakt-2x","status":"publish","type":"product","link":"https:\/\/eu.vanilla-trade.com\/es\/producto\/vanille-extrakt-2x\/","title":{"rendered":"Extracto de Vainilla 2x"},"content":{"rendered":"<p>El extracto gourmet de vainilla mexicana es un aroma complejo, <span style=\"font-weight: 400;\">de m\u00e1s de 200 componentes individuales de sabor<\/span>\u00a0El extracto gourmet de vainilla mexicana es un aroma complejo, compuesto por numerosos componentes que act\u00faan en conjunto para crear su sabor intenso y su aroma caracter\u00edstico.\nLa elaboraci\u00f3n de un extracto de vainilla mexicana de primera calidad comienza siempre con la selecci\u00f3n adecuada y la mezcla precisa de las vainas de vainilla, con el objetivo de lograr el mejor sabor de vainilla posible.\nUna vez elegida la mezcla perfecta para la extracci\u00f3n, el extracto se obtiene mediante calor y maceraci\u00f3n, lo que da como resultado un producto natural con notas arom\u00e1ticas y gustativas cremosas, dulces, amaderadas y florales.\nEl resultado es un sabor profundo y rico, acompa\u00f1ado de un delicado bouquet, t\u00edpico de la vainilla mexicana.<\/p>\n<p>Descripci\u00f3n: Sabor caracter\u00edstico de las vainas de vainilla mexicanas naturales, con aromas intensos, dulces, cremosos, amaderados y ligeras notas tostadas. Con un delicado bouquet floral al final.<\/p>\n<p>Color: marr\u00f3n a marr\u00f3n oscuro.<\/p>\n<p>Sugerencia de uso:<\/p>\n<p>Extracto gourmet de vainilla mexicana, 2x, Recomendaci\u00f3n de dosis: 1\/2 cucharadita = 1 vaina de vainilla<\/p>\n<p>Extracto gourmet de vainilla mexicana, 4x, Recomendaci\u00f3n de dosis: 1\/4 cucharadita = 1 vaina de vainilla<\/p>\n<p>Cada cucharada de extracto de vainilla mexicana contribuye al desarrollo y apoyo de las comunidades locales.<\/p>","protected":false},"excerpt":{"rendered":"<p><span style=\"font-weight: 400;\">Nuestro extracto doble resalta todo el car\u00e1cter de la vainilla mexicana: dulce, cremoso y amaderado, con delicadas notas tostadas y florales. 100\u202f% natural y sin az\u00facar.<\/span><\/p>","protected":false},"featured_media":744,"template":"","meta":[],"product_brand":[],"product_cat":[72],"product_tag":[],"class_list":{"0":"post-708","1":"product","2":"type-product","3":"status-publish","4":"has-post-thumbnail","6":"product_cat-vanilleproduktvielfalt","8":"first","9":"outofstock","10":"shipping-taxable","11":"purchasable","12":"product-type-variable"},"_links":{"self":[{"href":"https:\/\/eu.vanilla-trade.com\/es\/wp-json\/wp\/v2\/product\/708","targetHints":{"allow":["GET"]}}],"collection":[{"href":"https:\/\/eu.vanilla-trade.com\/es\/wp-json\/wp\/v2\/product"}],"about":[{"href":"https:\/\/eu.vanilla-trade.com\/es\/wp-json\/wp\/v2\/types\/product"}],"wp:featuredmedia":[{"embeddable":true,"href":"https:\/\/eu.vanilla-trade.com\/es\/wp-json\/wp\/v2\/media\/744"}],"wp:attachment":[{"href":"https:\/\/eu.vanilla-trade.com\/es\/wp-json\/wp\/v2\/media?parent=708"}],"wp:term":[{"taxonomy":"product_brand","embeddable":true,"href":"https:\/\/eu.vanilla-trade.com\/es\/wp-json\/wp\/v2\/product_brand?post=708"},{"taxonomy":"product_cat","embeddable":true,"href":"https:\/\/eu.vanilla-trade.com\/es\/wp-json\/wp\/v2\/product_cat?post=708"},{"taxonomy":"product_tag","embeddable":true,"href":"https:\/\/eu.vanilla-trade.com\/es\/wp-json\/wp\/v2\/product_tag?post=708"}],"curies":[{"name":"wp","href":"https:\/\/api.w.org\/{rel}","templated":true}]}}