{"id":652,"date":"2025-06-12T02:19:10","date_gmt":"2025-06-12T02:19:10","guid":{"rendered":"https:\/\/eu.vanilla-trade.com\/?post_type=product&#038;p=652"},"modified":"2026-01-15T20:34:50","modified_gmt":"2026-01-16T01:34:50","slug":"vanille-pulver","status":"publish","type":"product","link":"https:\/\/eu.vanilla-trade.com\/es\/producto\/vanille-pulver\/","title":{"rendered":"Polvo de Vainilla"},"content":{"rendered":"<p>\u00a1Nada supera el aroma natural del aut\u00e9ntico polvo de vainilla sin az\u00facar!<\/p>\n<p>Un \u201cimprescindible\u201d es la vainilla aut\u00e9ntica en postres como helado de vainilla, pud\u00edn, yogur y reposter\u00eda. Quienes hasta ahora hayan usado sustitutos de vainilla, deber\u00edan probar sin falta el polvo de vainilla natural.<\/p>\n<p>El polvo de vainilla se obtiene moliendo vainas de vainilla y es especialmente f\u00e1cil de dosificar. Por ello, es ideal para la alta cocina y para la elaboraci\u00f3n de especialidades finas.<\/p>\n<p>Para la elaboraci\u00f3n de nuestro polvo de vainilla, utilizamos \u00fanicamente vainas de vainilla de la mejor calidad, sin aditivos. Con este producto, puedes disfrutar del aroma natural completo de la vainilla mexicana.<\/p>\n<p>Descripci\u00f3n: Vainas de vainilla mexicanas enteras, molidas<\/p>\n<p>Color: marr\u00f3n a marr\u00f3n oscuro<\/p>\n<p>Cada cucharada de polvo de vainilla mexicana contribuye al desarrollo y apoyo de las comunidades locales.<\/p>","protected":false},"excerpt":{"rendered":"<p>\u00a1Nada supera el aroma natural del aut\u00e9ntico polvo de vainilla sin az\u00facar!<\/p>","protected":false},"featured_media":750,"template":"","meta":[],"product_brand":[],"product_cat":[72],"product_tag":[],"class_list":{"0":"post-652","1":"product","2":"type-product","3":"status-publish","4":"has-post-thumbnail","6":"product_cat-vanilleproduktvielfalt","8":"first","9":"outofstock","10":"shipping-taxable","11":"purchasable","12":"product-type-variable"},"_links":{"self":[{"href":"https:\/\/eu.vanilla-trade.com\/es\/wp-json\/wp\/v2\/product\/652","targetHints":{"allow":["GET"]}}],"collection":[{"href":"https:\/\/eu.vanilla-trade.com\/es\/wp-json\/wp\/v2\/product"}],"about":[{"href":"https:\/\/eu.vanilla-trade.com\/es\/wp-json\/wp\/v2\/types\/product"}],"wp:featuredmedia":[{"embeddable":true,"href":"https:\/\/eu.vanilla-trade.com\/es\/wp-json\/wp\/v2\/media\/750"}],"wp:attachment":[{"href":"https:\/\/eu.vanilla-trade.com\/es\/wp-json\/wp\/v2\/media?parent=652"}],"wp:term":[{"taxonomy":"product_brand","embeddable":true,"href":"https:\/\/eu.vanilla-trade.com\/es\/wp-json\/wp\/v2\/product_brand?post=652"},{"taxonomy":"product_cat","embeddable":true,"href":"https:\/\/eu.vanilla-trade.com\/es\/wp-json\/wp\/v2\/product_cat?post=652"},{"taxonomy":"product_tag","embeddable":true,"href":"https:\/\/eu.vanilla-trade.com\/es\/wp-json\/wp\/v2\/product_tag?post=652"}],"curies":[{"name":"wp","href":"https:\/\/api.w.org\/{rel}","templated":true}]}}