{"id":650,"date":"2025-06-12T02:19:10","date_gmt":"2025-06-12T02:19:10","guid":{"rendered":"https:\/\/eu.vanilla-trade.com\/?post_type=product&#038;p=650"},"modified":"2026-01-15T20:35:52","modified_gmt":"2026-01-16T01:35:52","slug":"100-kakaomasse","status":"publish","type":"product","link":"https:\/\/eu.vanilla-trade.com\/es\/producto\/100-kakaomasse\/","title":{"rendered":"100% Pasta de cacao"},"content":{"rendered":"<p>Especialidad de pasta de cacao \u201cReal Soconusco\u201d \u2013 100% de habas de cacao puras, molidas, cuidadosamente secadas al sol y fermentadas. Nuestra pasta de cacao est\u00e1 elaborada con habas de cacao Real Soconusco de alta calidad, finamente aromatizadas. Es oscura, decadente y rica en nutrientes, y constituye la base perfecta para cualquier preparaci\u00f3n a base de chocolate.<\/p>\n<p>La manteca de cacao nunca se separa de la haba. No se a\u00f1aden otros ingredientes. Este es el cacao m\u00e1s puro y sin az\u00facar disponible.<\/p>\n<p>La pasta de cacao se derrite al calentarla, por lo que puedes hacer f\u00e1cilmente tu propio chocolate. Tambi\u00e9n puedes mezclarla con leche o crema para preparar tu taza personal de chocolate caliente. O simplemente disfrutarla sola, como chocolate sin az\u00facar.<\/p>\n<p lang=\"en-GB\" align=\"LEFT\">Cada cacao mexicano vendido contribuye al desarrollo y apoyo de las comunidades locales.<\/p>","protected":false},"excerpt":{"rendered":"<p><span style=\"font-weight: 400;\">\u00a0<\/span><b>Cacao Soconusco mexicano \u2013 masa de cacao premium<\/b><b><i>.<\/i><\/b> <span style=\"font-weight: 400;\">Disfrute de masa de cacao 100 % pura elaborada con granos de cacao cuidadosamente fermentados y secados al sol de la regi\u00f3n de Soconusco en M\u00e9xico. Aroma intenso, base ideal para chocolate, postres y delicadas creaciones de reposter\u00eda.<\/span><\/p>","protected":false},"featured_media":752,"template":"","meta":[],"product_brand":[],"product_cat":[74],"product_tag":[],"class_list":{"0":"post-650","1":"product","2":"type-product","3":"status-publish","4":"has-post-thumbnail","6":"product_cat-kakao-und-kakaoerzeugnisse","8":"first","9":"outofstock","10":"shipping-taxable","11":"purchasable","12":"product-type-variable"},"_links":{"self":[{"href":"https:\/\/eu.vanilla-trade.com\/es\/wp-json\/wp\/v2\/product\/650","targetHints":{"allow":["GET"]}}],"collection":[{"href":"https:\/\/eu.vanilla-trade.com\/es\/wp-json\/wp\/v2\/product"}],"about":[{"href":"https:\/\/eu.vanilla-trade.com\/es\/wp-json\/wp\/v2\/types\/product"}],"wp:featuredmedia":[{"embeddable":true,"href":"https:\/\/eu.vanilla-trade.com\/es\/wp-json\/wp\/v2\/media\/752"}],"wp:attachment":[{"href":"https:\/\/eu.vanilla-trade.com\/es\/wp-json\/wp\/v2\/media?parent=650"}],"wp:term":[{"taxonomy":"product_brand","embeddable":true,"href":"https:\/\/eu.vanilla-trade.com\/es\/wp-json\/wp\/v2\/product_brand?post=650"},{"taxonomy":"product_cat","embeddable":true,"href":"https:\/\/eu.vanilla-trade.com\/es\/wp-json\/wp\/v2\/product_cat?post=650"},{"taxonomy":"product_tag","embeddable":true,"href":"https:\/\/eu.vanilla-trade.com\/es\/wp-json\/wp\/v2\/product_tag?post=650"}],"curies":[{"name":"wp","href":"https:\/\/api.w.org\/{rel}","templated":true}]}}