{"id":644,"date":"2025-06-12T02:19:09","date_gmt":"2025-06-12T02:19:09","guid":{"rendered":"https:\/\/eu.vanilla-trade.com\/?post_type=product&#038;p=644"},"modified":"2026-01-15T20:38:05","modified_gmt":"2026-01-16T01:38:05","slug":"kakaobohnen","status":"publish","type":"product","link":"https:\/\/eu.vanilla-trade.com\/es\/producto\/kakaobohnen\/","title":{"rendered":"Cacao en Grano"},"content":{"rendered":"<p lang=\"es-ES\" align=\"LEFT\">Las granos de cacao son una verdadera maravilla arom\u00e1tica. Disfr\u00fatalas como snack, m\u00e9zclalas con frutos secos o agr\u00e9galas a tu smoothie favorito: saborea los complejos aromas del cacao puro.<br \/>\nLa ligera fermentaci\u00f3n y el cuidadoso proceso de secado aseguran que se conserven los valiosos nutrientes de la haba de cacao.<\/p>\n<p>Especialidad de habas de cacao Soconusco \u2013 Experimenta la forma honesta y natural de disfrutar el cacao \u2013 directamente del \u00e1rbol, directamente de la haba.<\/p>\n<p>Origen: M\u00e9xico, Chiapas, Region: Soconusco<br \/>\nVariedad: 100% cacao fino aromatizado; \u201cCacao Selvatico\u201d: una mezcla de Calabacita, Lagarto y Amelonado.<br \/>\nSabor: ligeramente amargo, afrutado, con una acidez agradable y un ligero aroma a nuez.<\/p>\n<p><span lang=\"en-GB\">Cada cacao mexicano vendido contribuye al desarrollo y apoyo de las comunidades locales.<\/span><\/p>","protected":false},"excerpt":{"rendered":"<p><span style=\"font-weight: 400;\">Cacao mexicano Real Soconusco <\/span><span style=\"font-weight: 400;\">\u2013 ligeramente fermentado, secado al sol y lleno de un aroma aut\u00e9ntico. Un snack de cacao natural, sin az\u00facar, para los amantes del buen sabor.<\/span><\/p>","protected":false},"featured_media":746,"template":"","meta":[],"product_brand":[],"product_cat":[74],"product_tag":[],"class_list":{"0":"post-644","1":"product","2":"type-product","3":"status-publish","4":"has-post-thumbnail","6":"product_cat-kakao-und-kakaoerzeugnisse","8":"first","9":"outofstock","10":"shipping-taxable","11":"purchasable","12":"product-type-variable"},"_links":{"self":[{"href":"https:\/\/eu.vanilla-trade.com\/es\/wp-json\/wp\/v2\/product\/644","targetHints":{"allow":["GET"]}}],"collection":[{"href":"https:\/\/eu.vanilla-trade.com\/es\/wp-json\/wp\/v2\/product"}],"about":[{"href":"https:\/\/eu.vanilla-trade.com\/es\/wp-json\/wp\/v2\/types\/product"}],"wp:featuredmedia":[{"embeddable":true,"href":"https:\/\/eu.vanilla-trade.com\/es\/wp-json\/wp\/v2\/media\/746"}],"wp:attachment":[{"href":"https:\/\/eu.vanilla-trade.com\/es\/wp-json\/wp\/v2\/media?parent=644"}],"wp:term":[{"taxonomy":"product_brand","embeddable":true,"href":"https:\/\/eu.vanilla-trade.com\/es\/wp-json\/wp\/v2\/product_brand?post=644"},{"taxonomy":"product_cat","embeddable":true,"href":"https:\/\/eu.vanilla-trade.com\/es\/wp-json\/wp\/v2\/product_cat?post=644"},{"taxonomy":"product_tag","embeddable":true,"href":"https:\/\/eu.vanilla-trade.com\/es\/wp-json\/wp\/v2\/product_tag?post=644"}],"curies":[{"name":"wp","href":"https:\/\/api.w.org\/{rel}","templated":true}]}}