{"id":642,"date":"2025-06-12T02:19:09","date_gmt":"2025-06-12T02:19:09","guid":{"rendered":"https:\/\/eu.vanilla-trade.com\/?post_type=product&#038;p=642"},"modified":"2026-01-15T20:40:03","modified_gmt":"2026-01-16T01:40:03","slug":"chili-piquin-pulver","status":"publish","type":"product","link":"https:\/\/eu.vanilla-trade.com\/es\/producto\/chili-piquin-pulver\/","title":{"rendered":"Chile Piqu\u00edn, Polvo"},"content":{"rendered":"<p>\u00a1Este diminuto chile mexicano tiene mucha fuerza! Capsicum annuum var. glabriusculum, mejor conocido como chile piqu\u00edn o chile amashito, es un chile muy picante originario de M\u00e9xico. Los chiles piqu\u00edn secos miden aproximadamente 1,2 cm de largo y 0,6 cm de ancho, y tienen un color rojo-anaranjado. Estos chiles son de los m\u00e1s peque\u00f1os de la especie Capsicum annuum. Los chiles piqu\u00edn son diminutos, rojos y mexicanos, y le dan a los platillos un picante intenso. \u00a1Aunque son s\u00faper peque\u00f1os, son extremadamente picantes! (30.000\u201360.000 SHU [unidades Scoville]). En M\u00e9xico, normalmente se espolvorean con jugo de lima sobre verduras y frutas crudas como mangos, naranjas y pi\u00f1as. Los chiles piqu\u00edn son un ingrediente frecuente en salsas l\u00edquidas y picantes, y con su rico sabor le dan a frijoles, salsas, sopas y guisos un toque ardiente. Agrega una pizca a tu platillo para obtener un sabor grande y especiado.\n\nDescripci\u00f3n: El chile piqu\u00edn en polvo tiene un picante c\u00edtrico y una nota amarga-nuez con matices a chocolate. Le da a las salsas de tomate y a las marinadas de carne roja un toque picante y profundo.<\/p>\n<p lang=\"en-GB\" align=\"LEFT\">Cada chile piqu\u00edn vendido contribuye al desarrollo y apoyo de las comunidades locales.<\/p>","protected":false},"excerpt":{"rendered":"<p><span style=\"font-weight: 400;\">Polvo de chile piqu\u00edn mexicano \u2013 finamente molido, picante y perfecto para sazonar carnes, verduras y salsas.<\/span><\/p>","protected":false},"featured_media":747,"template":"","meta":[],"product_brand":[],"product_cat":[75],"product_tag":[],"class_list":{"0":"post-642","1":"product","2":"type-product","3":"status-publish","4":"has-post-thumbnail","6":"product_cat-gewurze","8":"first","9":"outofstock","10":"shipping-taxable","11":"purchasable","12":"product-type-variable","13":"has-default-attributes"},"_links":{"self":[{"href":"https:\/\/eu.vanilla-trade.com\/es\/wp-json\/wp\/v2\/product\/642","targetHints":{"allow":["GET"]}}],"collection":[{"href":"https:\/\/eu.vanilla-trade.com\/es\/wp-json\/wp\/v2\/product"}],"about":[{"href":"https:\/\/eu.vanilla-trade.com\/es\/wp-json\/wp\/v2\/types\/product"}],"wp:featuredmedia":[{"embeddable":true,"href":"https:\/\/eu.vanilla-trade.com\/es\/wp-json\/wp\/v2\/media\/747"}],"wp:attachment":[{"href":"https:\/\/eu.vanilla-trade.com\/es\/wp-json\/wp\/v2\/media?parent=642"}],"wp:term":[{"taxonomy":"product_brand","embeddable":true,"href":"https:\/\/eu.vanilla-trade.com\/es\/wp-json\/wp\/v2\/product_brand?post=642"},{"taxonomy":"product_cat","embeddable":true,"href":"https:\/\/eu.vanilla-trade.com\/es\/wp-json\/wp\/v2\/product_cat?post=642"},{"taxonomy":"product_tag","embeddable":true,"href":"https:\/\/eu.vanilla-trade.com\/es\/wp-json\/wp\/v2\/product_tag?post=642"}],"curies":[{"name":"wp","href":"https:\/\/api.w.org\/{rel}","templated":true}]}}