{"id":639,"date":"2025-06-12T02:19:08","date_gmt":"2025-06-12T02:19:08","guid":{"rendered":"https:\/\/eu.vanilla-trade.com\/?post_type=product&#038;p=639"},"modified":"2026-01-15T20:40:38","modified_gmt":"2026-01-16T01:40:38","slug":"chili-piquin-ganz","status":"publish","type":"product","link":"https:\/\/eu.vanilla-trade.com\/es\/producto\/chili-piquin-ganz\/","title":{"rendered":"Chile Piqu\u00edn Entero"},"content":{"rendered":"<p>\u00a1Este diminuto chile mexicano tiene mucha fuerza! Capsicum annuum var. glabriusculum, mejor conocido como chile piqu\u00edn o chile amashito, es un chile muy picante originario de M\u00e9xico. Los chiles piqu\u00edn secos miden aproximadamente 1,2 cm de largo y 0,6 cm de ancho, y tienen un color rojo-anaranjado. Estos chiles son de los m\u00e1s peque\u00f1os de la especie Capsicum annuum. Los chiles piqu\u00edn son diminutos, rojos y mexicanos, y le dan a los platillos un picante intenso. \u00a1Aunque son s\u00faper peque\u00f1os, son extremadamente picantes! (30.000\u201360.000 SHU [unidades Scoville]). En M\u00e9xico, normalmente se espolvorean con jugo de lima sobre verduras y frutas crudas como mangos, naranjas y pi\u00f1as.<\/p>\n<p>Los chiles piqu\u00edn son un ingrediente frecuente en salsas l\u00edquidas y picantes, y con su rico sabor le dan a frijoles, salsas, sopas y guisos un toque ardiente. Agrega 1 o 2 a tu platillo para obtener un sabor intenso y especiado. Si asas tus chiles piqu\u00edn y luego los rehidratas, puedes preparar una pasta de chile picante con un sabor maravillosamente intenso y un toque de cacahuates tostados.<\/p>\n<p>El chile piqu\u00edn tiene un picante c\u00edtrico y una nota amarga-nuez con matices a chocolate. Le da a las salsas de tomate y a las marinadas de carne roja un toque picante y profundidad; su tama\u00f1o y fuerza tambi\u00e9n lo convierten en un buen ingrediente para infusionar aceites y vinagres.<\/p>\n<p>Tip: To release the flavor, briefly roast the chilies in a hot pan.<\/p>\n<p>Note: Chili piquins are popular in breweries because of their interesting nutty flavor, which pairs very well with the taste of hops.<\/p>\n<p lang=\"en-GB\" align=\"LEFT\">Cada chile piqu\u00edn vendido contribuye al desarrollo y apoyo de las comunidades locales.<\/p>","protected":false},"excerpt":{"rendered":"<p>Los chiles piqu\u00edn son diminutos, rojos y mexicanos, y le dan a los platillos un picante intenso.<\/p>","protected":false},"featured_media":741,"template":"","meta":[],"product_brand":[],"product_cat":[75],"product_tag":[],"class_list":{"0":"post-639","1":"product","2":"type-product","3":"status-publish","4":"has-post-thumbnail","6":"product_cat-gewurze","8":"first","9":"outofstock","10":"shipping-taxable","11":"purchasable","12":"product-type-variable"},"_links":{"self":[{"href":"https:\/\/eu.vanilla-trade.com\/es\/wp-json\/wp\/v2\/product\/639","targetHints":{"allow":["GET"]}}],"collection":[{"href":"https:\/\/eu.vanilla-trade.com\/es\/wp-json\/wp\/v2\/product"}],"about":[{"href":"https:\/\/eu.vanilla-trade.com\/es\/wp-json\/wp\/v2\/types\/product"}],"wp:featuredmedia":[{"embeddable":true,"href":"https:\/\/eu.vanilla-trade.com\/es\/wp-json\/wp\/v2\/media\/741"}],"wp:attachment":[{"href":"https:\/\/eu.vanilla-trade.com\/es\/wp-json\/wp\/v2\/media?parent=639"}],"wp:term":[{"taxonomy":"product_brand","embeddable":true,"href":"https:\/\/eu.vanilla-trade.com\/es\/wp-json\/wp\/v2\/product_brand?post=639"},{"taxonomy":"product_cat","embeddable":true,"href":"https:\/\/eu.vanilla-trade.com\/es\/wp-json\/wp\/v2\/product_cat?post=639"},{"taxonomy":"product_tag","embeddable":true,"href":"https:\/\/eu.vanilla-trade.com\/es\/wp-json\/wp\/v2\/product_tag?post=639"}],"curies":[{"name":"wp","href":"https:\/\/api.w.org\/{rel}","templated":true}]}}