{"id":1752,"date":"2025-11-14T01:19:17","date_gmt":"2025-11-14T06:19:17","guid":{"rendered":"https:\/\/eu.vanilla-trade.com\/?post_type=product&#038;p=1752"},"modified":"2026-01-15T20:13:10","modified_gmt":"2026-01-16T01:13:10","slug":"vanillemuehle","status":"publish","type":"product","link":"https:\/\/eu.vanilla-trade.com\/es\/producto\/vanillemuehle\/","title":{"rendered":"Molino de Vainilla"},"content":{"rendered":"<p>Cambie la tediosa tarea de raspar las vainas de vainilla por puro placer. Nuestro elegante y recargable molinillo de vainilla lleva el sabor inconfundible de la aut\u00e9ntica vainilla mexicana directamente a su cocina.<\/p>\n<p>El molinillo de vainilla contiene trozos de vainilla mexicana cuidadosamente seleccionados (5 g) en un molinillo de especias de alta calidad. Cada giro libera el aroma natural, c\u00e1lido y complejo de la vainilla \u2013 para aut\u00e9nticos gourmets que valoran la calidad y la autenticidad.<\/p>\n<p>Con cada giro, se despliegan aromas intensos y finas notas de vainilla \u2013 perfecto para realzar al instante reposter\u00eda, postres, platos salados o c\u00f3cteles con el sabor intenso de la vainilla mexicana reci\u00e9n molida.<\/p>\n<p>El contenido equivale a 6 vainas de vainilla.<\/p>","protected":false},"excerpt":{"rendered":"<p>Vainilla reci\u00e9n molida. Cuando quieras. Donde quieras.<\/p>","protected":false},"featured_media":1753,"template":"","meta":[],"product_brand":[],"product_cat":[72],"product_tag":[],"class_list":{"0":"post-1752","1":"product","2":"type-product","3":"status-publish","4":"has-post-thumbnail","6":"product_cat-vanilleproduktvielfalt","8":"first","9":"outofstock","10":"shipping-taxable","11":"purchasable","12":"product-type-simple"},"_links":{"self":[{"href":"https:\/\/eu.vanilla-trade.com\/es\/wp-json\/wp\/v2\/product\/1752","targetHints":{"allow":["GET"]}}],"collection":[{"href":"https:\/\/eu.vanilla-trade.com\/es\/wp-json\/wp\/v2\/product"}],"about":[{"href":"https:\/\/eu.vanilla-trade.com\/es\/wp-json\/wp\/v2\/types\/product"}],"wp:featuredmedia":[{"embeddable":true,"href":"https:\/\/eu.vanilla-trade.com\/es\/wp-json\/wp\/v2\/media\/1753"}],"wp:attachment":[{"href":"https:\/\/eu.vanilla-trade.com\/es\/wp-json\/wp\/v2\/media?parent=1752"}],"wp:term":[{"taxonomy":"product_brand","embeddable":true,"href":"https:\/\/eu.vanilla-trade.com\/es\/wp-json\/wp\/v2\/product_brand?post=1752"},{"taxonomy":"product_cat","embeddable":true,"href":"https:\/\/eu.vanilla-trade.com\/es\/wp-json\/wp\/v2\/product_cat?post=1752"},{"taxonomy":"product_tag","embeddable":true,"href":"https:\/\/eu.vanilla-trade.com\/es\/wp-json\/wp\/v2\/product_tag?post=1752"}],"curies":[{"name":"wp","href":"https:\/\/api.w.org\/{rel}","templated":true}]}}