{"id":1735,"date":"2025-11-13T22:55:53","date_gmt":"2025-11-14T03:55:53","guid":{"rendered":"https:\/\/eu.vanilla-trade.com\/?post_type=product&#038;p=1735"},"modified":"2026-01-15T20:24:24","modified_gmt":"2026-01-16T01:24:24","slug":"vanille-paste-4x","status":"publish","type":"product","link":"https:\/\/eu.vanilla-trade.com\/es\/producto\/vanille-paste-4x\/","title":{"rendered":"Pasta de Vainilla 4x"},"content":{"rendered":"<p data-start=\"51\" data-end=\"553\"><strong data-start=\"51\" data-end=\"81\">\u00a0 Vainas de vainilla molidas<\/strong> son un componente esencial del az\u00facar de vainilla\u2026 \u00a1y se nota en el sabor! Este az\u00facar de vainilla con polvo natural de vainilla mexicana es perfecto para todo tipo de postres, mermeladas, pudines, cereales, o agr\u00e9galo a tu t\u00e9, caf\u00e9 o papilla. Espolvor\u00e9alo sobre pasteles, panqueques, scones o galletas \u2014o en cualquier lugar donde quieras ese delicado y dulce sabor de la vainilla mexicana. El az\u00facar de vainilla natural e intenso aporta un aroma complejo a cualquier preparaci\u00f3n.<\/p>\n<p data-start=\"555\" data-end=\"593\"><strong data-start=\"555\" data-end=\"593\">\u00a1Nuestro consejo personal para ti!<\/strong><\/p>\n<p data-start=\"595\" data-end=\"902\">Prueba el az\u00facar de vainilla molida con aut\u00e9ntica vainilla mexicana en un plato salado. Tostado ligeramente con cebolla, obtendr\u00e1s un aroma dulce y salado con una profunda nota de vainilla. Puedes comprar este az\u00facar de vainilla molida de la mejor calidad en nuestra p\u00e1gina web. \u00a1Pru\u00e9balo, vale la pena!<\/p>\n<p data-start=\"904\" data-end=\"999\"><strong data-start=\"904\" data-end=\"920\">Descripci\u00f3n:<\/strong> Az\u00facar de ca\u00f1a mexicano fino con vainas enteras y molidas de vainilla mexicana.<\/p>\n<p data-start=\"1001\" data-end=\"1077\"><strong data-start=\"1001\" data-end=\"1016\">Ideal para:<\/strong> Reposter\u00eda, postres, ensaladas de fruta, batidos, sorbetes.<\/p>\n<p data-start=\"1079\" data-end=\"1190\">Cada cucharada de este az\u00facar de vainilla mexicana contribuye al desarrollo y apoyo de las comunidades locales.<\/p>","protected":false},"excerpt":{"rendered":"<p><span style=\"font-weight: 400;\">Pasta de vainilla: sabor puro, f\u00e1cil de dosificar.<\/span><\/p>","protected":false},"featured_media":745,"template":"","meta":[],"product_brand":[],"product_cat":[72],"product_tag":[],"class_list":{"0":"post-1735","1":"product","2":"type-product","3":"status-publish","4":"has-post-thumbnail","6":"product_cat-vanilleproduktvielfalt","8":"first","9":"outofstock","10":"shipping-taxable","11":"purchasable","12":"product-type-variable"},"_links":{"self":[{"href":"https:\/\/eu.vanilla-trade.com\/es\/wp-json\/wp\/v2\/product\/1735","targetHints":{"allow":["GET"]}}],"collection":[{"href":"https:\/\/eu.vanilla-trade.com\/es\/wp-json\/wp\/v2\/product"}],"about":[{"href":"https:\/\/eu.vanilla-trade.com\/es\/wp-json\/wp\/v2\/types\/product"}],"wp:featuredmedia":[{"embeddable":true,"href":"https:\/\/eu.vanilla-trade.com\/es\/wp-json\/wp\/v2\/media\/745"}],"wp:attachment":[{"href":"https:\/\/eu.vanilla-trade.com\/es\/wp-json\/wp\/v2\/media?parent=1735"}],"wp:term":[{"taxonomy":"product_brand","embeddable":true,"href":"https:\/\/eu.vanilla-trade.com\/es\/wp-json\/wp\/v2\/product_brand?post=1735"},{"taxonomy":"product_cat","embeddable":true,"href":"https:\/\/eu.vanilla-trade.com\/es\/wp-json\/wp\/v2\/product_cat?post=1735"},{"taxonomy":"product_tag","embeddable":true,"href":"https:\/\/eu.vanilla-trade.com\/es\/wp-json\/wp\/v2\/product_tag?post=1735"}],"curies":[{"name":"wp","href":"https:\/\/api.w.org\/{rel}","templated":true}]}}