{"id":1626,"date":"2025-11-14T00:04:13","date_gmt":"2025-11-14T05:04:13","guid":{"rendered":"https:\/\/eu.vanilla-trade.com\/?post_type=product&#038;p=1626"},"modified":"2025-11-14T00:14:36","modified_gmt":"2025-11-14T05:14:36","slug":"kakao-tee","status":"publish","type":"product","link":"https:\/\/eu.vanilla-trade.com\/es\/producto\/kakao-tee\/","title":{"rendered":"T\u00e9 de Cacao"},"content":{"rendered":"<p><span style=\"font-weight: 400;\">\u00a0(Descripci\u00f3n): Descubierto por primera vez por los antiguos mayas y aztecas hace miles de a\u00f1os. Nuestro t\u00e9 de cacao ofrece precisamente eso: un sabor intenso y puro a cacao.<\/span><\/p>\n<p><span style=\"font-weight: 400;\">Nuestro t\u00e9 es 100% puro y completamente libre de az\u00facar, cafe\u00edna, gluten y l\u00e1cteos, sin sabores artificiales, aditivos ni conservantes.<\/span><\/p>\n<p><span style=\"font-weight: 400;\">Ponga unas cucharaditas en una taza, vierta agua caliente sobre ellas y deje infusionar durante 10 minutos. A\u00f1ada algo dulce o un chorrito de leche al gusto.<\/span><\/p>\n<p><span style=\"font-weight: 400;\">Con su dulzura natural, su aroma y sabor celestial a chocolate, y un efecto ligeramente estimulante, el t\u00e9 de cacao es la alternativa natural perfecta al chocolate o al caf\u00e9.<\/span><\/p>\n<p><span style=\"font-weight: 400;\">Nuestro consejo para el verano: \u00a1Disfrute de nuestro t\u00e9 de c\u00e1scara de cacao bien fr\u00edo!<\/span><\/p>\n<p><span style=\"font-weight: 400;\">Cada cacao mexicano vendido contribuye al desarrollo y apoyo de las comunidades locales.<\/span><\/p>","protected":false},"excerpt":{"rendered":"<p><span style=\"font-weight: 400;\">T\u00e9 de C\u00e1scara de Cacao Mexicano \u2013 Intenso sabor a cacao, ligeramente estimulante con sutiles notas de toffee y caramelo.<\/span><\/p>","protected":false},"featured_media":1751,"template":"","meta":[],"product_brand":[],"product_cat":[74],"product_tag":[],"class_list":{"0":"post-1626","1":"product","2":"type-product","3":"status-publish","4":"has-post-thumbnail","6":"product_cat-kakao-und-kakaoerzeugnisse","8":"first","9":"outofstock","10":"shipping-taxable","11":"purchasable","12":"product-type-variable"},"_links":{"self":[{"href":"https:\/\/eu.vanilla-trade.com\/es\/wp-json\/wp\/v2\/product\/1626","targetHints":{"allow":["GET"]}}],"collection":[{"href":"https:\/\/eu.vanilla-trade.com\/es\/wp-json\/wp\/v2\/product"}],"about":[{"href":"https:\/\/eu.vanilla-trade.com\/es\/wp-json\/wp\/v2\/types\/product"}],"wp:featuredmedia":[{"embeddable":true,"href":"https:\/\/eu.vanilla-trade.com\/es\/wp-json\/wp\/v2\/media\/1751"}],"wp:attachment":[{"href":"https:\/\/eu.vanilla-trade.com\/es\/wp-json\/wp\/v2\/media?parent=1626"}],"wp:term":[{"taxonomy":"product_brand","embeddable":true,"href":"https:\/\/eu.vanilla-trade.com\/es\/wp-json\/wp\/v2\/product_brand?post=1626"},{"taxonomy":"product_cat","embeddable":true,"href":"https:\/\/eu.vanilla-trade.com\/es\/wp-json\/wp\/v2\/product_cat?post=1626"},{"taxonomy":"product_tag","embeddable":true,"href":"https:\/\/eu.vanilla-trade.com\/es\/wp-json\/wp\/v2\/product_tag?post=1626"}],"curies":[{"name":"wp","href":"https:\/\/api.w.org\/{rel}","templated":true}]}}