{"id":485,"date":"2025-06-08T03:44:21","date_gmt":"2025-06-08T03:44:21","guid":{"rendered":"https:\/\/eu.vanilla-trade.com\/?page_id=485"},"modified":"2025-08-05T21:27:27","modified_gmt":"2025-08-06T02:27:27","slug":"grosshandel","status":"publish","type":"page","link":"https:\/\/eu.vanilla-trade.com\/es\/grosshandel\/","title":{"rendered":"Mayoreo"},"content":{"rendered":"<div data-elementor-type=\"wp-page\" data-elementor-id=\"485\" class=\"elementor elementor-485\" data-elementor-post-type=\"page\">\n\t\t\t\t<div class=\"elementor-element elementor-element-ef7a900 e-flex e-con-boxed e-con e-parent\" data-id=\"ef7a900\" data-element_type=\"container\" data-settings=\"{&quot;background_background&quot;:&quot;classic&quot;}\">\n\t\t\t\t\t<div class=\"e-con-inner\">\n\t\t\t\t<div class=\"elementor-element elementor-element-d46db54 elementor-widget elementor-widget-heading\" data-id=\"d46db54\" data-element_type=\"widget\" data-widget_type=\"heading.default\">\n\t\t\t\t<div class=\"elementor-widget-container\">\n\t\t\t\t\t<h2 class=\"elementor-heading-title elementor-size-default\">Mayoreo<\/h2>\t\t\t\t<\/div>\n\t\t\t\t<\/div>\n\t\t\t\t\t<\/div>\n\t\t\t\t<\/div>\n\t\t<div class=\"elementor-element elementor-element-1bb53b5 e-flex e-con-boxed e-con e-parent\" data-id=\"1bb53b5\" data-element_type=\"container\">\n\t\t\t\t\t<div class=\"e-con-inner\">\n\t\t<div class=\"elementor-element elementor-element-9cef707 e-con-full e-flex e-con e-child\" data-id=\"9cef707\" data-element_type=\"container\">\n\t\t\t\t<div class=\"elementor-element elementor-element-0bab2a8 elementor-widget elementor-widget-image\" data-id=\"0bab2a8\" data-element_type=\"widget\" data-widget_type=\"image.default\">\n\t\t\t\t<div class=\"elementor-widget-container\">\n\t\t\t\t\t\t\t\t\t\t\t\t\t\t\t<img fetchpriority=\"high\" decoding=\"async\" width=\"605\" height=\"459\" src=\"https:\/\/eu.vanilla-trade.com\/wp-content\/uploads\/2025\/06\/products_wholesale.jpg\" class=\"attachment-large size-large wp-image-491\" alt=\"\" srcset=\"https:\/\/eu.vanilla-trade.com\/wp-content\/uploads\/2025\/06\/products_wholesale.jpg 605w, https:\/\/eu.vanilla-trade.com\/wp-content\/uploads\/2025\/06\/products_wholesale-600x455.jpg 600w, https:\/\/eu.vanilla-trade.com\/wp-content\/uploads\/2025\/06\/products_wholesale-300x228.jpg 300w\" sizes=\"(max-width: 605px) 100vw, 605px\" \/>\t\t\t\t\t\t\t\t\t\t\t\t\t\t\t<\/div>\n\t\t\t\t<\/div>\n\t\t\t\t<\/div>\n\t\t<div class=\"elementor-element elementor-element-2d4691c e-con-full e-flex e-con e-child\" data-id=\"2d4691c\" data-element_type=\"container\">\n\t\t\t\t<div class=\"elementor-element elementor-element-5f8b600 elementor-widget elementor-widget-heading\" data-id=\"5f8b600\" data-element_type=\"widget\" data-widget_type=\"heading.default\">\n\t\t\t\t<div class=\"elementor-widget-container\">\n\t\t\t\t\t<h2 class=\"elementor-heading-title elementor-size-default\">Mayoreo<\/h2>\t\t\t\t<\/div>\n\t\t\t\t<\/div>\n\t\t\t\t<div class=\"elementor-element elementor-element-8c64709 elementor-widget elementor-widget-image\" data-id=\"8c64709\" data-element_type=\"widget\" data-widget_type=\"image.default\">\n\t\t\t\t<div class=\"elementor-widget-container\">\n\t\t\t\t\t\t\t\t\t\t\t\t\t\t\t<img decoding=\"async\" width=\"55\" height=\"4\" src=\"https:\/\/eu.vanilla-trade.com\/wp-content\/uploads\/2025\/06\/after_amarillo-1.png\" class=\"attachment-large size-large wp-image-342\" alt=\"\" \/>\t\t\t\t\t\t\t\t\t\t\t\t\t\t\t<\/div>\n\t\t\t\t<\/div>\n\t\t\t\t<div class=\"elementor-element elementor-element-29b0d7b elementor-widget elementor-widget-text-editor\" data-id=\"29b0d7b\" data-element_type=\"widget\" data-widget_type=\"text-editor.default\">\n\t\t\t\t<div class=\"elementor-widget-container\">\n\t\t\t\t\t\t\t\t\t<p>Nuestra vainilla gourmet mexicana inspira a los chefs a crear momentos culinarios destacados; aporta su aroma especial a helados finos y pralines seleccionados, y se ha ganado un lugar permanente en el surtido de los comerciantes de especias m\u00e1s exigentes. Gracias a la creaci\u00f3n de nuestro white label y nuestra marca, encontrar\u00e1 muchas de nuestras vainas de vainilla, polvo de vainilla y extractos de vainilla en pr\u00e1cticos envases para el comercio minorista. Para m\u00e1s informaci\u00f3n, estamos a su disposici\u00f3n.<\/p>\t\t\t\t\t\t\t\t<\/div>\n\t\t\t\t<\/div>\n\t\t\t\t<\/div>\n\t\t\t\t\t<\/div>\n\t\t\t\t<\/div>\n\t\t\t\t<\/div>","protected":false},"excerpt":{"rendered":"<p>Gro\u00dfhandel Gro\u00dfhandel Unsere Mexican Gourmet Vanilla inspiriert K\u00fcchenchefs zu kulinarischen H\u00f6hepunkten, sie verleiht feinen Eiscremes und ausgew\u00e4hlten Pralinen ihr besonderes Aroma und hat sich einen festen Platz im Sortiment anspruchsvoller Gew\u00fcrzh\u00e4ndler erobert. Durch die Kreation unseres white lables und unserer Marke\u00a0 finden Sie viele unserer Vanilleschoten, Vanillepulver und Vanilleextrakte in praktischer Einzelhandelsverpackung. F\u00fcr weitere Informationen [&hellip;]<\/p>","protected":false},"author":1,"featured_media":0,"parent":0,"menu_order":0,"comment_status":"closed","ping_status":"closed","template":"elementor_header_footer","meta":{"footnotes":""},"class_list":["post-485","page","type-page","status-publish","hentry"],"_links":{"self":[{"href":"https:\/\/eu.vanilla-trade.com\/es\/wp-json\/wp\/v2\/pages\/485","targetHints":{"allow":["GET"]}}],"collection":[{"href":"https:\/\/eu.vanilla-trade.com\/es\/wp-json\/wp\/v2\/pages"}],"about":[{"href":"https:\/\/eu.vanilla-trade.com\/es\/wp-json\/wp\/v2\/types\/page"}],"author":[{"embeddable":true,"href":"https:\/\/eu.vanilla-trade.com\/es\/wp-json\/wp\/v2\/users\/1"}],"replies":[{"embeddable":true,"href":"https:\/\/eu.vanilla-trade.com\/es\/wp-json\/wp\/v2\/comments?post=485"}],"version-history":[{"count":0,"href":"https:\/\/eu.vanilla-trade.com\/es\/wp-json\/wp\/v2\/pages\/485\/revisions"}],"wp:attachment":[{"href":"https:\/\/eu.vanilla-trade.com\/es\/wp-json\/wp\/v2\/media?parent=485"}],"curies":[{"name":"wp","href":"https:\/\/api.w.org\/{rel}","templated":true}]}}