{"id":3,"date":"2025-06-04T23:14:40","date_gmt":"2025-06-04T23:14:40","guid":{"rendered":"https:\/\/eu.vanilla-trade.com\/?page_id=3"},"modified":"2025-08-05T21:43:59","modified_gmt":"2025-08-06T02:43:59","slug":"datenschutzhinweis","status":"publish","type":"page","link":"https:\/\/eu.vanilla-trade.com\/es\/datenschutzhinweis\/","title":{"rendered":"Aviso de Privacidad"},"content":{"rendered":"<div data-elementor-type=\"wp-page\" data-elementor-id=\"3\" class=\"elementor elementor-3\" data-elementor-post-type=\"page\">\n\t\t\t\t<div class=\"elementor-element elementor-element-5dbfb3fa e-flex e-con-boxed e-con e-parent\" data-id=\"5dbfb3fa\" data-element_type=\"container\">\n\t\t\t\t\t<div class=\"e-con-inner\">\n\t\t\t\t<div class=\"elementor-element elementor-element-585a77f2 elementor-widget elementor-widget-text-editor\" data-id=\"585a77f2\" data-element_type=\"widget\" data-widget_type=\"text-editor.default\">\n\t\t\t\t<div class=\"elementor-widget-container\">\n\t\t\t\t\t\t\t\t\t<h3>I. IDENTIT\u00c4T UND ANSCHRIFT DES VERANTWORTLICHEN<\/h3>\nAlfagama SA de CV (im Folgenden \u201eVanilla-Trade\u201c) ist f\u00fcr die Verarbeitung und den Schutz der \u00fcber die Website www.vanilla-trade.com erhobenen personenbezogenen Daten verantwortlich.\n<h3>II. ZWECKE DER DATENVERARBEITUNG<\/h3>\nDie von Vanilla-Trade auf der Website erhobenen Daten werden zu folgenden Zwecken verwendet:\n\n\u2022 Identifizierung des K\u00e4ufers  \n\u2022 \u00dcberpr\u00fcfung der bereitgestellten Informationen  \n\u2022 Verkauf von Produkten, die von Vanilla-Trade angeboten werden  \n\u2022 Versand der erworbenen Produkte und Verwaltung von Lieferdiensten  \n\nSekund\u00e4r k\u00f6nnen die Daten verwendet werden f\u00fcr:  \n\u2022 Versand von Werbekampagnen, Aktionen, Hinweisen und Benachrichtigungen von Vanilla-Trade auf elektronischem Wege.\n\nWenn Sie diese Nachrichten nicht erhalten m\u00f6chten, senden Sie bitte eine E-Mail an info@vanilla-trade.com und beantragen Sie die L\u00f6schung Ihrer Daten f\u00fcr diese Zwecke.\n<h3>III. ERHOBENE PERSONENBEZOGENE DATEN<\/h3>\n\u00dcber die Website werden keine sensiblen Daten erhoben.  \nIn \u00dcbereinstimmung mit dem mexikanischen Bundesgesetz zum Schutz personenbezogener Daten im Besitz Privater und dessen Verordnung informiert Vanilla-Trade, dass folgende Daten erhoben werden k\u00f6nnen:\na) Identifikationsdaten: Name, Land, Stadt, Alter und sonstige relevante Informationen.  \nb) Kontaktdaten: Anschrift, steuerliche Anschrift, Lieferadresse, E-Mail-Adresse, Telefonnummer.  \nc) Finanzielle oder verm\u00f6gensbezogene Daten: Kredit- oder Debitkartendaten zur Abwicklung von Transaktionen (nur mit ausdr\u00fccklicher Einwilligung des Nutzers).  \nd) Elektronische Aufzeichnungen: Eink\u00e4ufe, IP-Adresse, Browser, URL, Seitenbesuche, Cookies und analytische Daten wie durch Google Analytics erhoben.\n\nDer Nutzer verpflichtet sich, dass die bereitgestellten Daten wahrheitsgem\u00e4\u00df, vollst\u00e4ndig und korrekt sind.\n<h3>IV. WEITERGABE PERSONENBEZOGENER DATEN<\/h3>\nVanilla-Trade kann die erhobenen personenbezogenen Daten weitergeben an:\na) Versandunternehmen: F\u00fcr den Versand der erworbenen Produkte.  \nb) Dienstleister: Einschlie\u00dflich Zahlungsabwicklung, Versand, E-Mails. Vom Anbieter wird Vertraulichkeit und ausschlie\u00dfliche Nutzung f\u00fcr den beauftragten Service verlangt.  \nc) Dritte: Nur wenn es zur Erf\u00fcllung der Gesch\u00e4ftsbeziehung zwischen Nutzer und Vanilla-Trade unbedingt erforderlich ist, wie z. B.:  \n\u2022 Anbieter von Zahlungs- und Betrugspr\u00e4ventionsdiensten  \n\u2022 Versand- und Logistikunternehmen  \n\nVanilla-Trade verpflichtet sich, die personenbezogenen Daten nicht f\u00fcr andere als die festgelegten Zwecke zu verwenden oder weiterzugeben.  \nWenn Sie mit der Weitergabe Ihrer personenbezogenen Daten nicht einverstanden sind, teilen Sie uns dies bitte nach dem in dieser Erkl\u00e4rung beschriebenen Verfahren mit.\n<h3>V. M\u00d6GLICHKEITEN ZUR AUS\u00dcBUNG IHRER ARCO-RECHTE ODER ZUM WIDERRUF DER EINWILLIGUNG<\/h3>\nDer Inhaber oder sein gesetzlicher Vertreter kann seine Rechte durch eine Anfrage an info@vanilla-trade.com aus\u00fcben. Die Anfrage muss enthalten:\n\n\u2022 Vollst\u00e4ndiger Name und E-Mail-Adresse f\u00fcr die Antwort  \n\u2022 Identit\u00e4ts- oder Vertretungsnachweise  \n\u2022 Klare Beschreibung der Daten, auf die Sie zugreifen, die Sie berichtigen, l\u00f6schen oder derer Verarbeitung Sie widersprechen m\u00f6chten  \n\u2022 Bei Berichtigungsanfragen entsprechende Unterlagen zur Unterst\u00fctzung der gew\u00fcnschten \u00c4nderungen\n<h3>VI. M\u00d6GLICHKEITEN ZUR EINSCHR\u00c4NKUNG DER NUTZUNG UND OFFENLEGUNG PERSONENBEZOGENER DATEN<\/h3>\nDurch die Nutzung dieser Website akzeptiert der Nutzer die Verwendung seiner Daten gem\u00e4\u00df den Bestimmungen. Der Nutzer erkl\u00e4rt, dass die bereitgestellten Informationen wahrheitsgem\u00e4\u00df und aktuell sind.\n<h3>VII. INFORMATIONEN \u00dcBER \u00c4NDERUNGEN DER DATENSCHUTZERKL\u00c4RUNG<\/h3>\nVanilla-Trade beh\u00e4lt sich das Recht vor, diese Erkl\u00e4rung jederzeit zu \u00e4ndern. Im Falle von \u00c4nderungen wird dies mitgeteilt durch:\na) Die registrierte E-Mail-Adresse  \nb) Einen gut sichtbaren Hinweis auf der Website www.vanilla-trade.com  \n\nVanilla-Trade haftet nicht, wenn der Nutzer die Mitteilung aufgrund von Problemen mit seinem Konto oder seiner Verbindung nicht erh\u00e4lt. Es wird empfohlen, die Datenschutzerkl\u00e4rung regelm\u00e4\u00dfig zu \u00fcberpr\u00fcfen.\n<h3>VIII. KONTAKT<\/h3>\nF\u00fcr Informationen, Kl\u00e4rungen oder Beschwerden k\u00f6nnen Sie Vanilla-Trade unter info@vanilla-trade.com kontaktieren.\n<h3>IX. AKTUALISIERUNGSDATUM<\/h3>\nAlle \u00c4nderungen an dieser Erkl\u00e4rung werden \u00fcber www.vanilla-trade.com\/pages\/aviso-de-privacidad bekannt gegeben.\t\t\t\t\t\t\t\t<\/div>\n\t\t\t\t<\/div>\n\t\t\t\t\t<\/div>\n\t\t\t\t<\/div>\n\t\t\t\t<\/div>","protected":false},"excerpt":{"rendered":"<p>I. IDENTIT\u00c4T UND ANSCHRIFT DES VERANTWORTLICHEN Alfagama SA de CV (im Folgenden \u201eVanilla-Trade\u201c) ist f\u00fcr die Verarbeitung und den Schutz der \u00fcber die Website www.vanilla-trade.com erhobenen personenbezogenen Daten verantwortlich. II. ZWECKE DER DATENVERARBEITUNG Die von Vanilla-Trade auf der Website erhobenen Daten werden zu folgenden Zwecken verwendet: \u2022 Identifizierung des K\u00e4ufers \u2022 \u00dcberpr\u00fcfung der bereitgestellten Informationen [&hellip;]<\/p>","protected":false},"author":1,"featured_media":0,"parent":0,"menu_order":0,"comment_status":"closed","ping_status":"closed","template":"","meta":{"footnotes":""},"class_list":["post-3","page","type-page","status-publish","hentry"],"_links":{"self":[{"href":"https:\/\/eu.vanilla-trade.com\/es\/wp-json\/wp\/v2\/pages\/3","targetHints":{"allow":["GET"]}}],"collection":[{"href":"https:\/\/eu.vanilla-trade.com\/es\/wp-json\/wp\/v2\/pages"}],"about":[{"href":"https:\/\/eu.vanilla-trade.com\/es\/wp-json\/wp\/v2\/types\/page"}],"author":[{"embeddable":true,"href":"https:\/\/eu.vanilla-trade.com\/es\/wp-json\/wp\/v2\/users\/1"}],"replies":[{"embeddable":true,"href":"https:\/\/eu.vanilla-trade.com\/es\/wp-json\/wp\/v2\/comments?post=3"}],"version-history":[{"count":0,"href":"https:\/\/eu.vanilla-trade.com\/es\/wp-json\/wp\/v2\/pages\/3\/revisions"}],"wp:attachment":[{"href":"https:\/\/eu.vanilla-trade.com\/es\/wp-json\/wp\/v2\/media?parent=3"}],"curies":[{"name":"wp","href":"https:\/\/api.w.org\/{rel}","templated":true}]}}