{"id":16,"date":"2025-06-04T23:25:16","date_gmt":"2025-06-04T23:25:16","guid":{"rendered":"https:\/\/eu.vanilla-trade.com\/?page_id=16"},"modified":"2025-08-05T21:11:45","modified_gmt":"2025-08-06T02:11:45","slug":"produkte","status":"publish","type":"page","link":"https:\/\/eu.vanilla-trade.com\/es\/produkte\/","title":{"rendered":"Produkte"},"content":{"rendered":"<div data-elementor-type=\"wp-page\" data-elementor-id=\"16\" class=\"elementor elementor-16\" data-elementor-post-type=\"page\">\n\t\t\t\t<div class=\"elementor-element elementor-element-a51a850 e-flex e-con-boxed e-con e-parent\" data-id=\"a51a850\" data-element_type=\"container\" data-settings=\"{&quot;background_background&quot;:&quot;classic&quot;}\">\n\t\t\t\t\t<div class=\"e-con-inner\">\n\t\t\t\t<div class=\"elementor-element elementor-element-bfa4c1a elementor-widget elementor-widget-heading\" data-id=\"bfa4c1a\" data-element_type=\"widget\" data-widget_type=\"heading.default\">\n\t\t\t\t<div class=\"elementor-widget-container\">\n\t\t\t\t\t<h2 class=\"elementor-heading-title elementor-size-default\">NUESTROS PRODUCTOS<\/h2>\t\t\t\t<\/div>\n\t\t\t\t<\/div>\n\t\t\t\t\t<\/div>\n\t\t\t\t<\/div>\n\t\t<div class=\"elementor-element elementor-element-a72f644 e-flex e-con-boxed e-con e-parent\" data-id=\"a72f644\" data-element_type=\"container\">\n\t\t\t\t\t<div class=\"e-con-inner\">\n\t\t<div class=\"elementor-element elementor-element-f5e610c e-con-full e-flex e-con e-child\" data-id=\"f5e610c\" data-element_type=\"container\">\n\t\t\t\t<div class=\"elementor-element elementor-element-0590e47 elementor-widget elementor-widget-image\" data-id=\"0590e47\" data-element_type=\"widget\" data-widget_type=\"image.default\">\n\t\t\t\t<div class=\"elementor-widget-container\">\n\t\t\t\t\t\t\t\t\t\t\t\t\t\t\t<img fetchpriority=\"high\" decoding=\"async\" width=\"444\" height=\"340\" src=\"https:\/\/eu.vanilla-trade.com\/wp-content\/uploads\/2025\/06\/our_products01.webp\" class=\"attachment-large size-large wp-image-468\" alt=\"\" srcset=\"https:\/\/eu.vanilla-trade.com\/wp-content\/uploads\/2025\/06\/our_products01.webp 444w, https:\/\/eu.vanilla-trade.com\/wp-content\/uploads\/2025\/06\/our_products01-416x319.webp 416w, https:\/\/eu.vanilla-trade.com\/wp-content\/uploads\/2025\/06\/our_products01-300x230.webp 300w\" sizes=\"(max-width: 444px) 100vw, 444px\" \/>\t\t\t\t\t\t\t\t\t\t\t\t\t\t\t<\/div>\n\t\t\t\t<\/div>\n\t\t\t\t<\/div>\n\t\t<div class=\"elementor-element elementor-element-28789d8 e-con-full e-flex e-con e-child\" data-id=\"28789d8\" data-element_type=\"container\">\n\t\t\t\t<div class=\"elementor-element elementor-element-fba250b elementor-widget elementor-widget-heading\" data-id=\"fba250b\" data-element_type=\"widget\" data-widget_type=\"heading.default\">\n\t\t\t\t<div class=\"elementor-widget-container\">\n\t\t\t\t\t<h2 class=\"elementor-heading-title elementor-size-default\">Vainilla de alta calidad<\/h2>\t\t\t\t<\/div>\n\t\t\t\t<\/div>\n\t\t\t\t<div class=\"elementor-element elementor-element-263c11a elementor-widget elementor-widget-text-editor\" data-id=\"263c11a\" data-element_type=\"widget\" data-widget_type=\"text-editor.default\">\n\t\t\t\t<div class=\"elementor-widget-container\">\n\t\t\t\t\t\t\t\t\t<p>La vainilla original mexicana es la vaina de vainilla m\u00e1s aut\u00e9ntica, ya que esta familia de orqu\u00eddeas proviene de M\u00e9xico. Los totonacas fueron los primeros en cultivar la vainilla y, mediante el proceso de secado, inventaron el sabor caracter\u00edstico de la vainilla. El perfil de sabor de las vainas de vainilla mexicanas es similar al de la vainilla de Madagascar, aunque la vainilla mexicana tiene una calidad m\u00e1s suave y tersa, y un aroma especiado y amaderado que le da un perfil de sabor \u00fanico. El sabor fuerte y robusto de las vainas de vainilla mexicanas es perfecto para recetas en las que la vainilla desempe\u00f1a un papel principal<br \/>lo que la hace ideal para productos de panader\u00eda, tarta de queso, postres de chocolate, pud\u00edn de vainilla, cr\u00e8me br\u00fbl\u00e9e, helados y panes dulces.<\/p>\t\t\t\t\t\t\t\t<\/div>\n\t\t\t\t<\/div>\n\t\t\t\t<\/div>\n\t\t\t\t\t<\/div>\n\t\t\t\t<\/div>\n\t\t<div class=\"elementor-element elementor-element-de50773 e-flex e-con-boxed e-con e-parent\" data-id=\"de50773\" data-element_type=\"container\">\n\t\t\t\t\t<div class=\"e-con-inner\">\n\t\t\t\t<div class=\"elementor-element elementor-element-d99007b elementor-widget elementor-widget-text-editor\" data-id=\"d99007b\" data-element_type=\"widget\" data-widget_type=\"text-editor.default\">\n\t\t\t\t<div class=\"elementor-widget-container\">\n\t\t\t\t\t\t\t\t\t<p>A diferencia de la vainilla Bourbon, la variedad mexicana no desprende notas intensamente dulces, sino que se mantiene en segundo plano con su aroma \u00e1spero, intenso y amaderado, dejando al final un peque\u00f1o pero atrevido bouquet floral. Tambi\u00e9n combina perfectamente con platos especiados como pescado, caza y aves de corral, o verduras amargas, y es un acompa\u00f1ante agradable para mermeladas y postres de chocolate amargo.<br \/>Queremos poner la vainilla original mexicana a disposici\u00f3n de conocedores, especialistas en alimentos, amantes y fabricantes de alimentos en todo el mundo, y ofrecemos vainas de vainilla de diversas categor\u00edas de calidad, as\u00ed como polvo de vainilla, az\u00facar de vainilla y extracto de vainilla (2x, 4x y 10x).<\/p>\t\t\t\t\t\t\t\t<\/div>\n\t\t\t\t<\/div>\n\t\t\t\t\t<\/div>\n\t\t\t\t<\/div>\n\t\t<div class=\"elementor-element elementor-element-ca7ae7e e-flex e-con-boxed e-con e-parent\" data-id=\"ca7ae7e\" data-element_type=\"container\">\n\t\t\t\t\t<div class=\"e-con-inner\">\n\t\t\t\t<div class=\"elementor-element elementor-element-5c24a3b elementor-widget-divider--view-line elementor-widget elementor-widget-divider\" data-id=\"5c24a3b\" data-element_type=\"widget\" data-widget_type=\"divider.default\">\n\t\t\t\t<div class=\"elementor-widget-container\">\n\t\t\t\t\t\t\t<div class=\"elementor-divider\">\n\t\t\t<span class=\"elementor-divider-separator\">\n\t\t\t\t\t\t<\/span>\n\t\t<\/div>\n\t\t\t\t\t\t<\/div>\n\t\t\t\t<\/div>\n\t\t\t\t\t<\/div>\n\t\t\t\t<\/div>\n\t\t<div class=\"elementor-element elementor-element-92f86b8 e-con-full e-flex e-con e-parent\" data-id=\"92f86b8\" data-element_type=\"container\">\n\t\t\t\t<div class=\"elementor-element elementor-element-4063350 elementor-widget elementor-widget-heading\" data-id=\"4063350\" data-element_type=\"widget\" data-widget_type=\"heading.default\">\n\t\t\t\t<div class=\"elementor-widget-container\">\n\t\t\t\t\t<h2 class=\"elementor-heading-title elementor-size-default\">Productos de Vainilla<\/h2>\t\t\t\t<\/div>\n\t\t\t\t<\/div>\n\t\t\t\t<div class=\"elementor-element elementor-element-6d61eab elementor-widget elementor-widget-image\" data-id=\"6d61eab\" data-element_type=\"widget\" data-widget_type=\"image.default\">\n\t\t\t\t<div class=\"elementor-widget-container\">\n\t\t\t\t\t\t\t\t\t\t\t\t\t\t\t<img decoding=\"async\" width=\"152\" height=\"23\" src=\"https:\/\/eu.vanilla-trade.com\/wp-content\/uploads\/2025\/06\/separator2.png\" class=\"attachment-large size-large wp-image-406\" alt=\"\" srcset=\"https:\/\/eu.vanilla-trade.com\/wp-content\/uploads\/2025\/06\/separator2.png 152w, https:\/\/eu.vanilla-trade.com\/wp-content\/uploads\/2025\/06\/separator2-150x23.png 150w\" sizes=\"(max-width: 152px) 100vw, 152px\" \/>\t\t\t\t\t\t\t\t\t\t\t\t\t\t\t<\/div>\n\t\t\t\t<\/div>\n\t\t\t\t<\/div>\n\t\t<div class=\"elementor-element elementor-element-6b6d00c e-con-full e-flex e-con e-parent\" data-id=\"6b6d00c\" data-element_type=\"container\">\n\t\t<div class=\"elementor-element elementor-element-6202088 e-con-full e-flex e-con e-child\" data-id=\"6202088\" data-element_type=\"container\">\n\t\t\t\t<div class=\"elementor-element elementor-element-527d708 elementor-widget elementor-widget-image\" data-id=\"527d708\" data-element_type=\"widget\" data-widget_type=\"image.default\">\n\t\t\t\t<div class=\"elementor-widget-container\">\n\t\t\t\t\t\t\t\t\t\t\t\t\t\t\t<img decoding=\"async\" width=\"352\" height=\"268\" src=\"https:\/\/eu.vanilla-trade.com\/wp-content\/uploads\/2025\/06\/products01.jpg\" class=\"attachment-large size-large wp-image-407\" alt=\"\" srcset=\"https:\/\/eu.vanilla-trade.com\/wp-content\/uploads\/2025\/06\/products01.jpg 352w, https:\/\/eu.vanilla-trade.com\/wp-content\/uploads\/2025\/06\/products01-300x228.jpg 300w\" sizes=\"(max-width: 352px) 100vw, 352px\" \/>\t\t\t\t\t\t\t\t\t\t\t\t\t\t\t<\/div>\n\t\t\t\t<\/div>\n\t\t\t\t<div class=\"elementor-element elementor-element-cd74a16 elementor-widget elementor-widget-text-editor\" data-id=\"cd74a16\" data-element_type=\"widget\" data-widget_type=\"text-editor.default\">\n\t\t\t\t<div class=\"elementor-widget-container\">\n\t\t\t\t\t\t\t\t\t<h3>Industrial<\/h3><p>Nuestra mejor vainilla gourmet: para los m\u00e1s altos est\u00e1ndares. Nuestra vainilla gourmet mexicana se caracteriza por un aroma inconfundible y especialmente fino...<\/p><p style=\"text-align: center;\"><span style=\"color: #4f2c1d;\"><a style=\"color: #4f2c1d;\" href=\"https:\/\/eu.vanilla-trade.com\/es\/industriell\/\" data-wplink-url-error=\"true\"><span style=\"text-decoration: underline;\"><strong>Leer m\u00e1s<\/strong><\/span><\/a><\/span><\/p>\t\t\t\t\t\t\t\t<\/div>\n\t\t\t\t<\/div>\n\t\t\t\t<\/div>\n\t\t<div class=\"elementor-element elementor-element-9ec84b3 e-con-full e-flex e-con e-child\" data-id=\"9ec84b3\" data-element_type=\"container\">\n\t\t\t\t<div class=\"elementor-element elementor-element-e15008b elementor-widget elementor-widget-image\" data-id=\"e15008b\" data-element_type=\"widget\" data-widget_type=\"image.default\">\n\t\t\t\t<div class=\"elementor-widget-container\">\n\t\t\t\t\t\t\t\t\t\t\t\t\t\t\t<img loading=\"lazy\" decoding=\"async\" width=\"352\" height=\"268\" src=\"https:\/\/eu.vanilla-trade.com\/wp-content\/uploads\/2025\/06\/wholesale.jpg\" class=\"attachment-large size-large wp-image-410\" alt=\"\" srcset=\"https:\/\/eu.vanilla-trade.com\/wp-content\/uploads\/2025\/06\/wholesale.jpg 352w, https:\/\/eu.vanilla-trade.com\/wp-content\/uploads\/2025\/06\/wholesale-300x228.jpg 300w\" sizes=\"(max-width: 352px) 100vw, 352px\" \/>\t\t\t\t\t\t\t\t\t\t\t\t\t\t\t<\/div>\n\t\t\t\t<\/div>\n\t\t\t\t<div class=\"elementor-element elementor-element-e067a74 elementor-widget elementor-widget-text-editor\" data-id=\"e067a74\" data-element_type=\"widget\" data-widget_type=\"text-editor.default\">\n\t\t\t\t<div class=\"elementor-widget-container\">\n\t\t\t\t\t\t\t\t\t<h3>Mayoreo<\/h3><p>Nuestra vainilla gourmet mexicana inspira a los chefs a crear platos culinarios destacados y aporta su aroma especial a helados finos y pralin\u00e9s seleccionados...<\/p><p style=\"text-align: center;\"><a href=\"https:\/\/eu.vanilla-trade.com\/es\/grosshandel\/\"><strong><span style=\"text-decoration: underline;\"><span style=\"color: #4f2c1d; text-decoration: underline;\">Leer m\u00e1s<\/span><\/span><\/strong><\/a><\/p>\t\t\t\t\t\t\t\t<\/div>\n\t\t\t\t<\/div>\n\t\t\t\t<\/div>\n\t\t<div class=\"elementor-element elementor-element-a43e6cd e-con-full e-flex e-con e-child\" data-id=\"a43e6cd\" data-element_type=\"container\">\n\t\t\t\t<div class=\"elementor-element elementor-element-5a5fb97 elementor-widget elementor-widget-image\" data-id=\"5a5fb97\" data-element_type=\"widget\" data-widget_type=\"image.default\">\n\t\t\t\t<div class=\"elementor-widget-container\">\n\t\t\t\t\t\t\t\t\t\t\t\t\t\t\t<img loading=\"lazy\" decoding=\"async\" width=\"352\" height=\"268\" src=\"https:\/\/eu.vanilla-trade.com\/wp-content\/uploads\/2025\/06\/online_shop.jpg\" class=\"attachment-large size-large wp-image-409\" alt=\"\" srcset=\"https:\/\/eu.vanilla-trade.com\/wp-content\/uploads\/2025\/06\/online_shop.jpg 352w, https:\/\/eu.vanilla-trade.com\/wp-content\/uploads\/2025\/06\/online_shop-300x228.jpg 300w\" sizes=\"(max-width: 352px) 100vw, 352px\" \/>\t\t\t\t\t\t\t\t\t\t\t\t\t\t\t<\/div>\n\t\t\t\t<\/div>\n\t\t\t\t<div class=\"elementor-element elementor-element-4841d01 elementor-widget elementor-widget-text-editor\" data-id=\"4841d01\" data-element_type=\"widget\" data-widget_type=\"text-editor.default\">\n\t\t\t\t<div class=\"elementor-widget-container\">\n\t\t\t\t\t\t\t\t\t<h3>Tienda Online<\/h3><p>Bienvenido a nuestra tienda online. Explore y d\u00e9jese inspirar. Aqu\u00ed puede pedir c\u00f3modamente nuestra fina vainilla gourmet mexicana en l\u00ednea...<\/p><p style=\"text-align: center;\"><span style=\"text-decoration: underline;\"><strong><span style=\"color: #4f2c1d;\"><a style=\"color: #4f2c1d; text-decoration: underline;\" href=\"https:\/\/eu.vanilla-trade.com\/es\/online-shop\/\">Leer m\u00e1s<\/a><\/span><\/strong><\/span><\/p>\t\t\t\t\t\t\t\t<\/div>\n\t\t\t\t<\/div>\n\t\t\t\t<\/div>\n\t\t\t\t<\/div>\n\t\t\t\t<\/div>","protected":false},"excerpt":{"rendered":"<p>\u00dcNSERE PRODUKTE Vanille von hoher Qualit\u00e4t Die mexikanische Ur-Vanille ist die urspr\u00fcnglichste Vanilleschote, da diese Orchideenfamilie aus Mexiko stammt. Die Totonacs waren die ersten, die die Vanille kultivierten und durch den Trocknungsprozess erst den Vanillegeschmack erfanden. Das Geschmacksprofil der mexikanischen Vanilleschoten \u00e4hnelt dem der madagassischen Vanille, obwohl die mexikanische Vanille eine weichere, geschmeidigere Qualit\u00e4t und [&hellip;]<\/p>","protected":false},"author":1,"featured_media":0,"parent":0,"menu_order":0,"comment_status":"closed","ping_status":"closed","template":"elementor_header_footer","meta":{"footnotes":""},"class_list":["post-16","page","type-page","status-publish","hentry"],"_links":{"self":[{"href":"https:\/\/eu.vanilla-trade.com\/es\/wp-json\/wp\/v2\/pages\/16","targetHints":{"allow":["GET"]}}],"collection":[{"href":"https:\/\/eu.vanilla-trade.com\/es\/wp-json\/wp\/v2\/pages"}],"about":[{"href":"https:\/\/eu.vanilla-trade.com\/es\/wp-json\/wp\/v2\/types\/page"}],"author":[{"embeddable":true,"href":"https:\/\/eu.vanilla-trade.com\/es\/wp-json\/wp\/v2\/users\/1"}],"replies":[{"embeddable":true,"href":"https:\/\/eu.vanilla-trade.com\/es\/wp-json\/wp\/v2\/comments?post=16"}],"version-history":[{"count":0,"href":"https:\/\/eu.vanilla-trade.com\/es\/wp-json\/wp\/v2\/pages\/16\/revisions"}],"wp:attachment":[{"href":"https:\/\/eu.vanilla-trade.com\/es\/wp-json\/wp\/v2\/media?parent=16"}],"curies":[{"name":"wp","href":"https:\/\/api.w.org\/{rel}","templated":true}]}}