{"id":14,"date":"2025-06-04T23:24:55","date_gmt":"2025-06-04T23:24:55","guid":{"rendered":"https:\/\/eu.vanilla-trade.com\/?page_id=14"},"modified":"2025-08-05T21:00:09","modified_gmt":"2025-08-06T02:00:09","slug":"mexikanische-vanille","status":"publish","type":"page","link":"https:\/\/eu.vanilla-trade.com\/es\/mexikanische-vanille\/","title":{"rendered":"Vainilla Mexicana"},"content":{"rendered":"<div data-elementor-type=\"wp-page\" data-elementor-id=\"14\" class=\"elementor elementor-14\" data-elementor-post-type=\"page\">\n\t\t\t\t<div class=\"elementor-element elementor-element-58acc0a e-flex e-con-boxed e-con e-parent\" data-id=\"58acc0a\" data-element_type=\"container\" data-settings=\"{&quot;background_background&quot;:&quot;classic&quot;}\">\n\t\t\t\t\t<div class=\"e-con-inner\">\n\t\t\t\t<div class=\"elementor-element elementor-element-2496578 elementor-widget elementor-widget-heading\" data-id=\"2496578\" data-element_type=\"widget\" data-widget_type=\"heading.default\">\n\t\t\t\t<div class=\"elementor-widget-container\">\n\t\t\t\t\t<h1 class=\"elementor-heading-title elementor-size-default\">Cultivo sostenible de vainilla<\/h1>\t\t\t\t<\/div>\n\t\t\t\t<\/div>\n\t\t\t\t\t<\/div>\n\t\t\t\t<\/div>\n\t\t<div class=\"elementor-element elementor-element-712a8f2 e-flex e-con-boxed e-con e-parent\" data-id=\"712a8f2\" data-element_type=\"container\">\n\t\t\t\t\t<div class=\"e-con-inner\">\n\t\t<div class=\"elementor-element elementor-element-5ba137d e-con-full e-flex e-con e-child\" data-id=\"5ba137d\" data-element_type=\"container\">\n\t\t\t\t<div class=\"elementor-element elementor-element-7e47491 elementor-widget elementor-widget-heading\" data-id=\"7e47491\" data-element_type=\"widget\" data-widget_type=\"heading.default\">\n\t\t\t\t<div class=\"elementor-widget-container\">\n\t\t\t\t\t<h2 class=\"elementor-heading-title elementor-size-default\">Vainilla original mexicana<\/h2>\t\t\t\t<\/div>\n\t\t\t\t<\/div>\n\t\t\t\t<div class=\"elementor-element elementor-element-8b129b3 elementor-widget elementor-widget-image\" data-id=\"8b129b3\" data-element_type=\"widget\" data-widget_type=\"image.default\">\n\t\t\t\t<div class=\"elementor-widget-container\">\n\t\t\t\t\t\t\t\t\t\t\t\t\t\t\t<img decoding=\"async\" width=\"55\" height=\"4\" src=\"https:\/\/eu.vanilla-trade.com\/wp-content\/uploads\/2025\/06\/after_amarillo.png\" class=\"attachment-large size-large wp-image-200\" alt=\"\" \/>\t\t\t\t\t\t\t\t\t\t\t\t\t\t\t<\/div>\n\t\t\t\t<\/div>\n\t\t\t\t<div class=\"elementor-element elementor-element-971afbd elementor-widget elementor-widget-text-editor\" data-id=\"971afbd\" data-element_type=\"widget\" data-widget_type=\"text-editor.default\">\n\t\t\t\t<div class=\"elementor-widget-container\">\n\t\t\t\t\t\t\t\t\t<p>La vainilla es un ingrediente indispensable que se utiliza ampliamente en muchas industrias, incluyendo la alimentaria, la cosm\u00e9tica y la perfumer\u00eda. El 80% de la producci\u00f3n mundial de vainilla se concentra en Madagascar, pero \u00bfsab\u00eda usted que...<br \/>\u00bfSab\u00eda usted que M\u00e9xico es el pa\u00eds de origen de la vainilla? El cacao y la vainilla son logros mexicanos que han enriquecido la cocina mundial durante siglos. Los aztecas trataban las semillas de cacao como monedas y, desde hace siglos, aqu\u00ed se cultiva la mejor vainilla gourmet y se produce mediante elaborados m\u00e9todos tradicionales. Aqu\u00ed, en el coraz\u00f3n de M\u00e9xico, comienza la historia de un placer verdaderamente especial.<\/p>\t\t\t\t\t\t\t\t<\/div>\n\t\t\t\t<\/div>\n\t\t\t\t<div class=\"elementor-element elementor-element-5350383 elementor-widget elementor-widget-text-editor\" data-id=\"5350383\" data-element_type=\"widget\" data-widget_type=\"text-editor.default\">\n\t\t\t\t<div class=\"elementor-widget-container\">\n\t\t\t\t\t\t\t\t\t<h3 class=\"cuna-cultivo\">M\u00e9xico, la cuna del cultivo de vainilla<\/h3><p>La vainilla proviene originalmente de M\u00e9xico y tambi\u00e9n es conocida por los nombres en n\u00e1huatl ixtlilxochitl o tlilx\u00f3chitl (\"flor negra\"), totonaco xanath, y cacixanatl, que ya eran utilizados por los aztecas para suavizar el sabor amargo del chocolate. Los totonacas, habitantes de las costas del Golfo de M\u00e9xico, fueron los primeros en cultivar vainilla. Los totonacas mantuvieron el monopolio del cultivo de vainilla hasta el siglo XIX, ya que todos los intentos europeos de cultivarla fuera de su tierra de origen fracasaron. Gracias al franc\u00e9s Luis XIV, el Rey Sol, quien se apasion\u00f3 por esta especia ex\u00f3tica, la vainilla conquist\u00f3 las cocinas nobles de Europa. Sin embargo, todos los intentos iniciales de cultivar vainilla fuera de M\u00e9xico estaban destinados al fracaso. Durante mucho tiempo, solo las abejas mexicanas pod\u00edan polinizar las flores de vainilla. En 1837, el bot\u00e1nico belga Charles Morren descubri\u00f3 que la flor de vainilla es polinizada por la abeja sin aguij\u00f3n Melipona, que solo se encuentra en M\u00e9xico, lo que imped\u00eda la polinizaci\u00f3n natural en otros pa\u00edses. Pero fue el esclavo de 12 a\u00f1os Edmond Albius (1829\u20131880) en la isla de Borb\u00f3n quien invent\u00f3 la polinizaci\u00f3n manual de las flores de orqu\u00eddea, y desde entonces la vainilla se cultiva en muchas regiones tropicales del mundo.<\/p>\t\t\t\t\t\t\t\t<\/div>\n\t\t\t\t<\/div>\n\t\t\t\t<\/div>\n\t\t\t\t\t<\/div>\n\t\t\t\t<\/div>\n\t\t<div class=\"elementor-element elementor-element-4b4e553 e-flex e-con-boxed e-con e-parent\" data-id=\"4b4e553\" data-element_type=\"container\">\n\t\t\t\t\t<div class=\"e-con-inner\">\n\t\t<div class=\"elementor-element elementor-element-579c4c7 e-con-full e-flex e-con e-child\" data-id=\"579c4c7\" data-element_type=\"container\">\n\t\t\t\t<div class=\"elementor-element elementor-element-2dc7d0f elementor-widget elementor-widget-image\" data-id=\"2dc7d0f\" data-element_type=\"widget\" data-widget_type=\"image.default\">\n\t\t\t\t<div class=\"elementor-widget-container\">\n\t\t\t\t\t\t\t\t\t\t\t\t\t\t\t<img fetchpriority=\"high\" decoding=\"async\" width=\"352\" height=\"273\" src=\"https:\/\/eu.vanilla-trade.com\/wp-content\/uploads\/2025\/06\/mexican01.webp\" class=\"attachment-large size-large wp-image-445\" alt=\"\" srcset=\"https:\/\/eu.vanilla-trade.com\/wp-content\/uploads\/2025\/06\/mexican01.webp 352w, https:\/\/eu.vanilla-trade.com\/wp-content\/uploads\/2025\/06\/mexican01-300x233.webp 300w\" sizes=\"(max-width: 352px) 100vw, 352px\" \/>\t\t\t\t\t\t\t\t\t\t\t\t\t\t\t<\/div>\n\t\t\t\t<\/div>\n\t\t\t\t<\/div>\n\t\t<div class=\"elementor-element elementor-element-dcc769c e-con-full e-flex e-con e-child\" data-id=\"dcc769c\" data-element_type=\"container\">\n\t\t\t\t<div class=\"elementor-element elementor-element-10afcb0 elementor-widget elementor-widget-image\" data-id=\"10afcb0\" data-element_type=\"widget\" data-widget_type=\"image.default\">\n\t\t\t\t<div class=\"elementor-widget-container\">\n\t\t\t\t\t\t\t\t\t\t\t\t\t\t\t<img decoding=\"async\" width=\"352\" height=\"273\" src=\"https:\/\/eu.vanilla-trade.com\/wp-content\/uploads\/2025\/06\/mexican02.webp\" class=\"attachment-large size-large wp-image-446\" alt=\"\" srcset=\"https:\/\/eu.vanilla-trade.com\/wp-content\/uploads\/2025\/06\/mexican02.webp 352w, https:\/\/eu.vanilla-trade.com\/wp-content\/uploads\/2025\/06\/mexican02-300x233.webp 300w\" sizes=\"(max-width: 352px) 100vw, 352px\" \/>\t\t\t\t\t\t\t\t\t\t\t\t\t\t\t<\/div>\n\t\t\t\t<\/div>\n\t\t\t\t<\/div>\n\t\t<div class=\"elementor-element elementor-element-cae9199 e-con-full e-flex e-con e-child\" data-id=\"cae9199\" data-element_type=\"container\">\n\t\t\t\t<div class=\"elementor-element elementor-element-fbee59e elementor-widget elementor-widget-image\" data-id=\"fbee59e\" data-element_type=\"widget\" data-widget_type=\"image.default\">\n\t\t\t\t<div class=\"elementor-widget-container\">\n\t\t\t\t\t\t\t\t\t\t\t\t\t\t\t<img loading=\"lazy\" decoding=\"async\" width=\"352\" height=\"273\" src=\"https:\/\/eu.vanilla-trade.com\/wp-content\/uploads\/2025\/06\/mexican03.webp\" class=\"attachment-large size-large wp-image-447\" alt=\"\" srcset=\"https:\/\/eu.vanilla-trade.com\/wp-content\/uploads\/2025\/06\/mexican03.webp 352w, https:\/\/eu.vanilla-trade.com\/wp-content\/uploads\/2025\/06\/mexican03-300x233.webp 300w\" sizes=\"(max-width: 352px) 100vw, 352px\" \/>\t\t\t\t\t\t\t\t\t\t\t\t\t\t\t<\/div>\n\t\t\t\t<\/div>\n\t\t\t\t<\/div>\n\t\t<div class=\"elementor-element elementor-element-cbb9111 e-con-full e-flex e-con e-child\" data-id=\"cbb9111\" data-element_type=\"container\">\n\t\t\t\t<div class=\"elementor-element elementor-element-e2fc34a elementor-widget elementor-widget-image\" data-id=\"e2fc34a\" data-element_type=\"widget\" data-widget_type=\"image.default\">\n\t\t\t\t<div class=\"elementor-widget-container\">\n\t\t\t\t\t\t\t\t\t\t\t\t\t\t\t<img loading=\"lazy\" decoding=\"async\" width=\"352\" height=\"273\" src=\"https:\/\/eu.vanilla-trade.com\/wp-content\/uploads\/2025\/06\/mexican04.webp\" class=\"attachment-large size-large wp-image-448\" alt=\"\" srcset=\"https:\/\/eu.vanilla-trade.com\/wp-content\/uploads\/2025\/06\/mexican04.webp 352w, https:\/\/eu.vanilla-trade.com\/wp-content\/uploads\/2025\/06\/mexican04-300x233.webp 300w\" sizes=\"(max-width: 352px) 100vw, 352px\" \/>\t\t\t\t\t\t\t\t\t\t\t\t\t\t\t<\/div>\n\t\t\t\t<\/div>\n\t\t\t\t<\/div>\n\t\t<div class=\"elementor-element elementor-element-cc9f0da e-con-full e-flex e-con e-child\" data-id=\"cc9f0da\" data-element_type=\"container\">\n\t\t\t\t<div class=\"elementor-element elementor-element-1ad4d70 elementor-widget elementor-widget-image\" data-id=\"1ad4d70\" data-element_type=\"widget\" data-widget_type=\"image.default\">\n\t\t\t\t<div class=\"elementor-widget-container\">\n\t\t\t\t\t\t\t\t\t\t\t\t\t\t\t<img loading=\"lazy\" decoding=\"async\" width=\"800\" height=\"600\" src=\"https:\/\/eu.vanilla-trade.com\/wp-content\/uploads\/2025\/07\/vanilla-drying-process-1024x768-1.webp\" class=\"attachment-large size-large wp-image-1292\" alt=\"\" srcset=\"https:\/\/eu.vanilla-trade.com\/wp-content\/uploads\/2025\/07\/vanilla-drying-process-1024x768-1.webp 800w, https:\/\/eu.vanilla-trade.com\/wp-content\/uploads\/2025\/07\/vanilla-drying-process-1024x768-1-300x225.webp 300w, https:\/\/eu.vanilla-trade.com\/wp-content\/uploads\/2025\/07\/vanilla-drying-process-1024x768-1-768x576.webp 768w, https:\/\/eu.vanilla-trade.com\/wp-content\/uploads\/2025\/07\/vanilla-drying-process-1024x768-1-600x450.webp 600w\" sizes=\"(max-width: 800px) 100vw, 800px\" \/>\t\t\t\t\t\t\t\t\t\t\t\t\t\t\t<\/div>\n\t\t\t\t<\/div>\n\t\t\t\t<\/div>\n\t\t<div class=\"elementor-element elementor-element-8ca1a26 e-con-full e-flex e-con e-child\" data-id=\"8ca1a26\" data-element_type=\"container\">\n\t\t\t\t<div class=\"elementor-element elementor-element-94d9ea9 elementor-widget elementor-widget-image\" data-id=\"94d9ea9\" data-element_type=\"widget\" data-widget_type=\"image.default\">\n\t\t\t\t<div class=\"elementor-widget-container\">\n\t\t\t\t\t\t\t\t\t\t\t\t\t\t\t<img loading=\"lazy\" decoding=\"async\" width=\"352\" height=\"273\" src=\"https:\/\/eu.vanilla-trade.com\/wp-content\/uploads\/2025\/06\/mexican06.webp\" class=\"attachment-large size-large wp-image-450\" alt=\"\" srcset=\"https:\/\/eu.vanilla-trade.com\/wp-content\/uploads\/2025\/06\/mexican06.webp 352w, https:\/\/eu.vanilla-trade.com\/wp-content\/uploads\/2025\/06\/mexican06-300x233.webp 300w\" sizes=\"(max-width: 352px) 100vw, 352px\" \/>\t\t\t\t\t\t\t\t\t\t\t\t\t\t\t<\/div>\n\t\t\t\t<\/div>\n\t\t\t\t<\/div>\n\t\t\t\t\t<\/div>\n\t\t\t\t<\/div>\n\t\t<div class=\"elementor-element elementor-element-336d8b3 e-flex e-con-boxed e-con e-parent\" data-id=\"336d8b3\" data-element_type=\"container\">\n\t\t\t\t\t<div class=\"e-con-inner\">\n\t\t<div class=\"elementor-element elementor-element-c3ee66c e-con-full e-flex e-con e-child\" data-id=\"c3ee66c\" data-element_type=\"container\">\n\t\t\t\t<div class=\"elementor-element elementor-element-3a8eed2 elementor-widget elementor-widget-text-editor\" data-id=\"3a8eed2\" data-element_type=\"widget\" data-widget_type=\"text-editor.default\">\n\t\t\t\t<div class=\"elementor-widget-container\">\n\t\t\t\t\t\t\t\t\t<h2 style=\"text-align: left;\">Cultivo sostenible de vainilla en M\u00e9xico<\/h2><p>El objetivo de Vanilla-Trade es desarrollar una cadena de suministro sostenible, trazable y de alta calidad que respete la integridad de los ecosistemas naturales y ayude a mejorar las condiciones de vida de las comunidades productoras de vainilla en todo M\u00e9xico. Apoyamos la creaci\u00f3n de cooperativas, la agricultura org\u00e1nica, la conservaci\u00f3n de la selva tropical, precios justos y el desarrollo continuo de las comunidades locales. Este modelo de comercio directo nos permite pagar a los agricultores un precio premium por vainas de vainilla excepcionales y, al mismo tiempo, ofrecer precios competitivos a nuestros clientes. En l\u00ednea con la visi\u00f3n y misi\u00f3n de Vanilla-Trade y para alcanzar los objetivos de desarrollo sostenible, la empresa se compromete en varios aspectos con sus socios, empleados y clientes de la siguiente manera:<\/p><p>\u00a0<\/p><p><i class=\"fa fa-check-circle\" style=\"color: #4f2c1d;\" aria-hidden=\"true\"><\/i> <strong>Desarrollo de una producci\u00f3n sostenible de vainilla<\/strong> en sistemas agroforestales (como cultivo principal o secundario), para garantizar a los productores un ingreso estable y mejorar su productividad y calidad de vida.<\/p><p><i class=\"fa fa-check-circle\" style=\"color: #4f2c1d;\" aria-hidden=\"true\"><\/i> <strong>Organizaci\u00f3n y estructuraci\u00f3n de asociaciones de productores<\/strong> (Provisi\u00f3n de conocimientos, plantas, herramientas, capacitaci\u00f3n y calidad mediante buenas pr\u00e1cticas agr\u00edcolas y m\u00e9todos org\u00e1nicos).<\/p><p><i class=\"fa fa-check-circle\" style=\"color: #4f2c1d;\" aria-hidden=\"true\"><\/i> <strong>Garantizar precios justos<\/strong> para los productores mediante un precio base y la participaci\u00f3n en el precio real de venta.<\/p><p><i class=\"fa fa-check-circle\" style=\"color: #4f2c1d;\" aria-hidden=\"true\"><\/i> <strong>Trazabilidad completa<\/strong> mediante la implementaci\u00f3n de un sistema que rastrea la vainilla desde la zona de cultivo hasta el destino final.<\/p><p><i class=\"fa fa-check-circle\" style=\"color: #4f2c1d;\" aria-hidden=\"true\"><\/i> <strong>Provisi\u00f3n de un porcentaje de las ventas<\/strong> para medidas de protecci\u00f3n sostenibles en \u00e1reas protegidas.<\/p><p><i class=\"fa fa-check-circle\" style=\"color: #4f2c1d;\" aria-hidden=\"true\"><\/i> <strong>Fomento de la interacci\u00f3n<\/strong> entre productores, comerciantes, consumidores y actores clave en la protecci\u00f3n ambiental.<\/p>\t\t\t\t\t\t\t\t<\/div>\n\t\t\t\t<\/div>\n\t\t\t\t<\/div>\n\t\t\t\t\t<\/div>\n\t\t\t\t<\/div>\n\t\t<div class=\"elementor-element elementor-element-246311c e-flex e-con-boxed e-con e-parent\" data-id=\"246311c\" data-element_type=\"container\">\n\t\t\t\t\t<div class=\"e-con-inner\">\n\t\t<div class=\"elementor-element elementor-element-f719d2d e-con-full e-flex e-con e-child\" data-id=\"f719d2d\" data-element_type=\"container\">\n\t\t\t\t<div class=\"elementor-element elementor-element-59aa478 elementor-widget elementor-widget-video\" data-id=\"59aa478\" data-element_type=\"widget\" data-settings=\"{&quot;youtube_url&quot;:&quot;https:\\\/\\\/youtu.be\\\/k0q0IqfAXJI&quot;,&quot;video_type&quot;:&quot;youtube&quot;,&quot;controls&quot;:&quot;yes&quot;}\" data-widget_type=\"video.default\">\n\t\t\t\t<div class=\"elementor-widget-container\">\n\t\t\t\t\t\t\t<div class=\"elementor-wrapper elementor-open-inline\">\n\t\t\t<div class=\"elementor-video\"><\/div>\t\t<\/div>\n\t\t\t\t\t\t<\/div>\n\t\t\t\t<\/div>\n\t\t\t\t<\/div>\n\t\t\t\t\t<\/div>\n\t\t\t\t<\/div>\n\t\t\t\t<\/div>","protected":false},"excerpt":{"rendered":"<p>Nachhaltiger Vanilleanbau MEXIKANISCHE UR-VANILLE Vanille ist ein unverzichtbarer Bestandteil, der in vielen Industriezweigen, einschlie\u00dflich der Lebensmittel-, Kosmetik- und Parf\u00fcmindustrie, weit verbreitete Anwendung findet. 80% der weltweiten Vanilleproduktion konzentriert sich auf Madagaskar, aber wussten Sie eigentlich, dassMexiko das Ursprungsland der Vanille ist? Kakao und Vanille sind mexikanische Errungenschaften, die seit Jahrhunderten die K\u00fcchen der Welt bereichern. [&hellip;]<\/p>","protected":false},"author":1,"featured_media":0,"parent":0,"menu_order":0,"comment_status":"closed","ping_status":"closed","template":"elementor_header_footer","meta":{"footnotes":""},"class_list":["post-14","page","type-page","status-publish","hentry"],"_links":{"self":[{"href":"https:\/\/eu.vanilla-trade.com\/es\/wp-json\/wp\/v2\/pages\/14","targetHints":{"allow":["GET"]}}],"collection":[{"href":"https:\/\/eu.vanilla-trade.com\/es\/wp-json\/wp\/v2\/pages"}],"about":[{"href":"https:\/\/eu.vanilla-trade.com\/es\/wp-json\/wp\/v2\/types\/page"}],"author":[{"embeddable":true,"href":"https:\/\/eu.vanilla-trade.com\/es\/wp-json\/wp\/v2\/users\/1"}],"replies":[{"embeddable":true,"href":"https:\/\/eu.vanilla-trade.com\/es\/wp-json\/wp\/v2\/comments?post=14"}],"version-history":[{"count":0,"href":"https:\/\/eu.vanilla-trade.com\/es\/wp-json\/wp\/v2\/pages\/14\/revisions"}],"wp:attachment":[{"href":"https:\/\/eu.vanilla-trade.com\/es\/wp-json\/wp\/v2\/media?parent=14"}],"curies":[{"name":"wp","href":"https:\/\/api.w.org\/{rel}","templated":true}]}}