{"id":1278,"date":"2025-07-16T20:16:02","date_gmt":"2025-07-17T01:16:02","guid":{"rendered":"https:\/\/eu.vanilla-trade.com\/?page_id=1278"},"modified":"2025-08-05T21:40:52","modified_gmt":"2025-08-06T02:40:52","slug":"impressum","status":"publish","type":"page","link":"https:\/\/eu.vanilla-trade.com\/es\/impressum\/","title":{"rendered":"Aviso Legal"},"content":{"rendered":"<div data-elementor-type=\"wp-page\" data-elementor-id=\"1278\" class=\"elementor elementor-1278\" data-elementor-post-type=\"page\">\n\t\t\t\t<div class=\"elementor-element elementor-element-32fc3e1 e-flex e-con-boxed e-con e-parent\" data-id=\"32fc3e1\" data-element_type=\"container\">\n\t\t\t\t\t<div class=\"e-con-inner\">\n\t\t\t\t<div class=\"elementor-element elementor-element-692cc82 elementor-widget elementor-widget-text-editor\" data-id=\"692cc82\" data-element_type=\"widget\" data-widget_type=\"text-editor.default\">\n\t\t\t\t<div class=\"elementor-widget-container\">\n\t\t\t\t\t\t\t\t\t<p><strong>Unternehmensname:<\/strong> Alfagama S.A. de C.V.<br \/><strong>Anschrift:<\/strong> Saturno Lote 6, Fraccionamiento Jardines de Mocambo, C.P. 94299,<br \/>Boca del R\u00edo, Veracruz, Mexiko<br \/><strong>E-Mail:<\/strong> <a class=\"cursor-pointer\" rel=\"noopener\">info@vanilla-trade.com<\/a><br \/><strong>Telefon:<\/strong> +52-229-1303159<br \/><strong>Steuernummer (RFC):<\/strong> ALF110929L98<\/p>\n<p><strong>Vertretungsberechtigter:<\/strong> Jos\u00e9 M. Rodr\u00edguez Nieto<\/p>\n<p><strong>Inhaltlich Verantwortlicher:<\/strong><br \/>Jos\u00e9 M. Rodr\u00edguez Nieto, <a class=\"cursor-pointer\" rel=\"noopener\">info@vanilla-trade.com<\/a><\/p>\n<p><strong>Handelsregister:<\/strong><br \/><strong>Registernummer:<\/strong> ALF110929L98<\/p>\n<p><strong>RFC + Steuer-Identifikationsnummer (VAT):<\/strong> ALF110929L98<\/p>\n\n<hr \/>\n\n<h3>Online-Streitbeilegung<\/h3>\n<p>Die Europ\u00e4ische Kommission stellt eine Plattform zur Online-Streitbeilegung bereit:<br \/>unter: <a href=\"https:\/\/ec.europa.eu\/consumers\/odr\/\" target=\"_new\" rel=\"noopener\">https:\/\/ec.europa.eu\/consumers\/odr\/<\/a><br \/>Alfagama S.A. de C.V. ist nicht verpflichtet, an einem Streitbeilegungsverfahren vor einer Verbraucherschlichtungsstelle teilzunehmen.<\/p>\n\n<hr \/>\n\n<h3>Urheberrecht<\/h3>\n<p>Die von Alfagama S.A. de C.V. auf dieser Website erstellten Inhalte und Werke sind durch das mexikanische Urheberrecht und gegebenenfalls durch internationale Gesetze gesch\u00fctzt.<br \/>Die Vervielf\u00e4ltigung, Verbreitung, Bearbeitung oder jede sonstige Verwertung ist ohne die ausdr\u00fcckliche schriftliche Zustimmung von Alfagama S.A. de C.V. untersagt.<\/p>\n\n<hr \/>\n\n<h3>Haftungsausschluss<\/h3>\n<p>Die auf dieser Website enthaltenen Informationen dienen allgemeinen Informationszwecken.<br \/>Trotz sorgf\u00e4ltiger Pr\u00fcfung \u00fcbernimmt Alfagama S.A. de C.V. keine Haftung f\u00fcr die Richtigkeit, Vollst\u00e4ndigkeit oder Aktualit\u00e4t der Inhalte.<\/p>\n\n<hr \/>\n\n<h3>Anwendbares Recht<\/h3>\n<p>Es gilt das Recht der Vereinigten Mexikanischen Staaten (Mexiko).<br \/>Die Nutzung unserer Website und Kaufvertr\u00e4ge \u00fcber diese Website unterliegen dem mexikanischen Recht.<br \/>Jegliche Streitigkeiten, die sich aus der Nutzung der Website oder aus solchen Vertr\u00e4gen ergeben oder damit in Zusammenhang stehen, unterliegen der ausschlie\u00dflichen Gerichtsbarkeit der Gerichte in Mexiko-Stadt. Auf andere Gerichtsst\u00e4nde, die sich aus aktuellen oder zuk\u00fcnftigen Wohnsitzen oder aus anderen Gr\u00fcnden ergeben k\u00f6nnten, wird ausdr\u00fccklich verzichtet.<br \/>Sofern Sie als Verbraucher handeln, bleibt davon unber\u00fchrt, dass Ihnen die nach geltendem Recht zustehenden Rechte erhalten bleiben.<\/p>\n\n<hr \/>\n\n<h3>Datenschutzrichtlinie<\/h3>\n<p>Mit der Registrierung auf der Website oder der Aufgabe einer Bestellung erkl\u00e4rt sich der Nutzer damit einverstanden, dass Alfagama S.A. de C.V. seine personenbezogenen, Adress- und Zahlungsdaten in der Datenbank von Alfagama S.A. de C.V. speichert und\/oder diese an Dritte weitergibt, ausschlie\u00dflich zum Zweck der Bestellabwicklung sowie zum Versand von Informationen \u00fcber Angebote und Dienstleistungen, die f\u00fcr den Nutzer von Interesse sein k\u00f6nnten.<br \/>Der Versand von Werbe-E-Mails erfolgt nur mit vorheriger Zustimmung des Nutzers und kann jederzeit durch Klicken auf den entsprechenden Link abbestellt werden.<br \/>Die von Ihnen bereitgestellten Informationen oder personenbezogenen Daten werden gem\u00e4\u00df den Datenschutzbestimmungen verarbeitet.<br \/>Durch die Nutzung dieser Website stimmen Sie der Verarbeitung dieser Informationen und Daten zu und versichern, dass alle von Ihnen bereitgestellten Angaben wahrheitsgem\u00e4\u00df und korrekt sind.<\/p>\t\t\t\t\t\t\t\t<\/div>\n\t\t\t\t<\/div>\n\t\t\t\t\t<\/div>\n\t\t\t\t<\/div>\n\t\t\t\t<\/div>","protected":false},"excerpt":{"rendered":"<p>Unternehmensname: Alfagama S.A. de C.V.Anschrift: Saturno Lote 6, Fraccionamiento Jardines de Mocambo, C.P. 94299,Boca del R\u00edo, Veracruz, MexikoE-Mail: info@vanilla-trade.comTelefon: +52-229-1303159Steuernummer (RFC): ALF110929L98 Vertretungsberechtigter: Jos\u00e9 M. Rodr\u00edguez Nieto Inhaltlich Verantwortlicher:Jos\u00e9 M. Rodr\u00edguez Nieto, info@vanilla-trade.com Handelsregister:Registernummer: ALF110929L98 RFC + Steuer-Identifikationsnummer (VAT): ALF110929L98 Online-Streitbeilegung Die Europ\u00e4ische Kommission stellt eine Plattform zur Online-Streitbeilegung bereit:unter: https:\/\/ec.europa.eu\/consumers\/odr\/Alfagama S.A. de C.V. ist [&hellip;]<\/p>","protected":false},"author":1,"featured_media":0,"parent":0,"menu_order":0,"comment_status":"closed","ping_status":"closed","template":"","meta":{"footnotes":""},"class_list":["post-1278","page","type-page","status-publish","hentry"],"_links":{"self":[{"href":"https:\/\/eu.vanilla-trade.com\/es\/wp-json\/wp\/v2\/pages\/1278","targetHints":{"allow":["GET"]}}],"collection":[{"href":"https:\/\/eu.vanilla-trade.com\/es\/wp-json\/wp\/v2\/pages"}],"about":[{"href":"https:\/\/eu.vanilla-trade.com\/es\/wp-json\/wp\/v2\/types\/page"}],"author":[{"embeddable":true,"href":"https:\/\/eu.vanilla-trade.com\/es\/wp-json\/wp\/v2\/users\/1"}],"replies":[{"embeddable":true,"href":"https:\/\/eu.vanilla-trade.com\/es\/wp-json\/wp\/v2\/comments?post=1278"}],"version-history":[{"count":0,"href":"https:\/\/eu.vanilla-trade.com\/es\/wp-json\/wp\/v2\/pages\/1278\/revisions"}],"wp:attachment":[{"href":"https:\/\/eu.vanilla-trade.com\/es\/wp-json\/wp\/v2\/media?parent=1278"}],"curies":[{"name":"wp","href":"https:\/\/api.w.org\/{rel}","templated":true}]}}