{"id":12,"date":"2025-06-04T23:24:28","date_gmt":"2025-06-04T23:24:28","guid":{"rendered":"https:\/\/eu.vanilla-trade.com\/?page_id=12"},"modified":"2025-09-30T20:24:45","modified_gmt":"2025-10-01T01:24:45","slug":"uber-uns","status":"publish","type":"page","link":"https:\/\/eu.vanilla-trade.com\/es\/uber-uns\/","title":{"rendered":"Nosotros"},"content":{"rendered":"<div data-elementor-type=\"wp-page\" data-elementor-id=\"12\" class=\"elementor elementor-12\" data-elementor-post-type=\"page\">\n\t\t\t\t<div class=\"elementor-element elementor-element-f3d9b25 e-flex e-con-boxed e-con e-parent\" data-id=\"f3d9b25\" data-element_type=\"container\" data-settings=\"{&quot;background_background&quot;:&quot;classic&quot;}\">\n\t\t\t\t\t<div class=\"e-con-inner\">\n\t\t\t\t<div class=\"elementor-element elementor-element-c3fc3b3 elementor-widget elementor-widget-heading\" data-id=\"c3fc3b3\" data-element_type=\"widget\" data-widget_type=\"heading.default\">\n\t\t\t\t<div class=\"elementor-widget-container\">\n\t\t\t\t\t<h2 class=\"elementor-heading-title elementor-size-default\">Nosotros<\/h2>\t\t\t\t<\/div>\n\t\t\t\t<\/div>\n\t\t\t\t\t<\/div>\n\t\t\t\t<\/div>\n\t\t<div class=\"elementor-element elementor-element-49906fb e-flex e-con-boxed e-con e-parent\" data-id=\"49906fb\" data-element_type=\"container\">\n\t\t\t\t\t<div class=\"e-con-inner\">\n\t\t<div class=\"elementor-element elementor-element-a210ffa e-con-full e-flex e-con e-child\" data-id=\"a210ffa\" data-element_type=\"container\">\n\t\t\t\t<div class=\"elementor-element elementor-element-3b406b2 elementor-widget elementor-widget-heading\" data-id=\"3b406b2\" data-element_type=\"widget\" data-widget_type=\"heading.default\">\n\t\t\t\t<div class=\"elementor-widget-container\">\n\t\t\t\t\t<h2 class=\"elementor-heading-title elementor-size-default\">Nosotros<\/h2>\t\t\t\t<\/div>\n\t\t\t\t<\/div>\n\t\t\t\t<div class=\"elementor-element elementor-element-cde5880 elementor-widget elementor-widget-image\" data-id=\"cde5880\" data-element_type=\"widget\" data-widget_type=\"image.default\">\n\t\t\t\t<div class=\"elementor-widget-container\">\n\t\t\t\t\t\t\t\t\t\t\t\t\t\t\t<img decoding=\"async\" width=\"55\" height=\"4\" src=\"https:\/\/eu.vanilla-trade.com\/wp-content\/uploads\/2025\/06\/after_amarillo.png\" class=\"attachment-large size-large wp-image-200\" alt=\"\" \/>\t\t\t\t\t\t\t\t\t\t\t\t\t\t\t<\/div>\n\t\t\t\t<\/div>\n\t\t\t\t<div class=\"elementor-element elementor-element-6672bff elementor-widget elementor-widget-text-editor\" data-id=\"6672bff\" data-element_type=\"widget\" data-widget_type=\"text-editor.default\">\n\t\t\t\t<div class=\"elementor-widget-container\">\n\t\t\t\t\t\t\t\t\t<p>Tenemos nuestras propias plantaciones de vainilla y nos comprometemos a unir a peque\u00f1os agricultores y cooperativas para devolver a la vainilla mexicana nacional a una posici\u00f3n estable en el mercado mundial. Somos una empresa mexicana l\u00edder que se dedica al cultivo sostenible y social de la vainilla, fomentando y apoyando a los peque\u00f1os productores.<\/p><p>Wir haben eigene Vanilleplantagen und engagieren uns daf\u00fcr, Kleinbauern in Kooperativen zusammenzuf\u00fchren , die nationale Vanilleproduktion zu steigern, den Vanilleanbau auf verschiedene Regionen auszudehnen, den \u00f6kologischen Landbau zu propagieren und dabei auf Umwelt und gerechte Verteilung zu achten. Vanilla-Trade ist ein Unternehmen, das sich auf die F\u00f6rderung der mexikanischen Gourmet-Vanille spezialisiert hat. <span style=\"font-weight: 400;\">Das Unternehmen wurde 2005 gegr\u00fcndet und vertreibt von Veracruz aus qualitativ hochwertige Vanille aus ihrem <\/span><span style=\"font-weight: 400;\">Ursprungsland<\/span><span style=\"font-weight: 400;\"> Mexiko.<\/span><\/p>\t\t\t\t\t\t\t\t<\/div>\n\t\t\t\t<\/div>\n\t\t\t\t<\/div>\n\t\t<div class=\"elementor-element elementor-element-2b5788f e-con-full e-flex e-con e-child\" data-id=\"2b5788f\" data-element_type=\"container\">\n\t\t\t\t<div class=\"elementor-element elementor-element-2ae2133 elementor-widget elementor-widget-image\" data-id=\"2ae2133\" data-element_type=\"widget\" data-widget_type=\"image.default\">\n\t\t\t\t<div class=\"elementor-widget-container\">\n\t\t\t\t\t\t\t\t\t\t\t\t\t\t\t<img fetchpriority=\"high\" decoding=\"async\" width=\"381\" height=\"387\" src=\"https:\/\/eu.vanilla-trade.com\/wp-content\/uploads\/2025\/06\/about_us_01.webp\" class=\"attachment-large size-large wp-image-423\" alt=\"\" srcset=\"https:\/\/eu.vanilla-trade.com\/wp-content\/uploads\/2025\/06\/about_us_01.webp 381w, https:\/\/eu.vanilla-trade.com\/wp-content\/uploads\/2025\/06\/about_us_01-295x300.webp 295w\" sizes=\"(max-width: 381px) 100vw, 381px\" \/>\t\t\t\t\t\t\t\t\t\t\t\t\t\t\t<\/div>\n\t\t\t\t<\/div>\n\t\t\t\t<\/div>\n\t\t\t\t\t<\/div>\n\t\t\t\t<\/div>\n\t\t<div class=\"elementor-element elementor-element-f43776a e-flex e-con-boxed e-con e-parent\" data-id=\"f43776a\" data-element_type=\"container\">\n\t\t\t\t\t<div class=\"e-con-inner\">\n\t\t\t\t<div class=\"elementor-element elementor-element-b2eeaa7 elementor-widget elementor-widget-text-editor\" data-id=\"b2eeaa7\" data-element_type=\"widget\" data-widget_type=\"text-editor.default\">\n\t\t\t\t<div class=\"elementor-widget-container\">\n\t\t\t\t\t\t\t\t\t<p>\u00a0<\/p><p>Desde 2009, Vanilla-Trade ha trabajado con agricultores locales para optimizar la producci\u00f3n y la distribuci\u00f3n, y apoyar el cultivo sostenible de vainilla por peque\u00f1os productores regionales. En 2011, se fund\u00f3 Alfagama S.A. de C.V. como empresa matriz de las marcas Vanilla-Trade y Kua Kama. Desde 2019, hemos establecido nuestras propias plantaciones de vainilla, principalmente en la selva tropical, en un sistema agroforestal con \u00e1rboles de cacao. Los fundadores, la alemana Nadja Schumann y su socio mexicano Jose Manuel Rodriguez Nieto, quieren hacer que la vainilla gourmet mexicana\u2014un patrimonio mundial originario de M\u00e9xico\u2014est\u00e9 disponible en todo el mundo para gourmets, especialistas en alimentos, aficionados y fabricantes, y al mismo tiempo ampliar el cultivo nacional de vainilla a una regi\u00f3n m\u00e1s grande y apoyar a los peque\u00f1os productores para que esta especia ancestral, nativa de M\u00e9xico, no desaparezca.<\/p>\t\t\t\t\t\t\t\t<\/div>\n\t\t\t\t<\/div>\n\t\t\t\t\t<\/div>\n\t\t\t\t<\/div>\n\t\t<div class=\"elementor-element elementor-element-3aaa6c8 e-flex e-con-boxed e-con e-parent\" data-id=\"3aaa6c8\" data-element_type=\"container\">\n\t\t\t\t\t<div class=\"e-con-inner\">\n\t\t<div class=\"elementor-element elementor-element-8e18e87 e-con-full e-flex e-con e-child\" data-id=\"8e18e87\" data-element_type=\"container\">\n\t\t\t\t<div class=\"elementor-element elementor-element-0a66eaf elementor-widget elementor-widget-image\" data-id=\"0a66eaf\" data-element_type=\"widget\" data-widget_type=\"image.default\">\n\t\t\t\t<div class=\"elementor-widget-container\">\n\t\t\t\t\t\t\t\t\t\t\t\t\t\t\t<img decoding=\"async\" width=\"495\" height=\"357\" src=\"https:\/\/eu.vanilla-trade.com\/wp-content\/uploads\/2025\/06\/about_us_02.webp\" class=\"attachment-large size-large wp-image-427\" alt=\"\" srcset=\"https:\/\/eu.vanilla-trade.com\/wp-content\/uploads\/2025\/06\/about_us_02.webp 495w, https:\/\/eu.vanilla-trade.com\/wp-content\/uploads\/2025\/06\/about_us_02-416x300.webp 416w, https:\/\/eu.vanilla-trade.com\/wp-content\/uploads\/2025\/06\/about_us_02-300x216.webp 300w\" sizes=\"(max-width: 495px) 100vw, 495px\" \/>\t\t\t\t\t\t\t\t\t\t\t\t\t\t\t<\/div>\n\t\t\t\t<\/div>\n\t\t\t\t<\/div>\n\t\t<div class=\"elementor-element elementor-element-1d332a2 e-con-full e-flex e-con e-child\" data-id=\"1d332a2\" data-element_type=\"container\">\n\t\t\t\t<div class=\"elementor-element elementor-element-7ac05bc elementor-widget elementor-widget-image\" data-id=\"7ac05bc\" data-element_type=\"widget\" data-widget_type=\"image.default\">\n\t\t\t\t<div class=\"elementor-widget-container\">\n\t\t\t\t\t\t\t\t\t\t\t\t\t\t\t<img loading=\"lazy\" decoding=\"async\" width=\"495\" height=\"357\" src=\"https:\/\/eu.vanilla-trade.com\/wp-content\/uploads\/2025\/06\/about_us_03.webp\" class=\"attachment-large size-large wp-image-428\" alt=\"\" srcset=\"https:\/\/eu.vanilla-trade.com\/wp-content\/uploads\/2025\/06\/about_us_03.webp 495w, https:\/\/eu.vanilla-trade.com\/wp-content\/uploads\/2025\/06\/about_us_03-416x300.webp 416w, https:\/\/eu.vanilla-trade.com\/wp-content\/uploads\/2025\/06\/about_us_03-300x216.webp 300w\" sizes=\"(max-width: 495px) 100vw, 495px\" \/>\t\t\t\t\t\t\t\t\t\t\t\t\t\t\t<\/div>\n\t\t\t\t<\/div>\n\t\t\t\t<\/div>\n\t\t<div class=\"elementor-element elementor-element-98a8c69 e-con-full e-flex e-con e-child\" data-id=\"98a8c69\" data-element_type=\"container\">\n\t\t\t\t<div class=\"elementor-element elementor-element-b853b3d elementor-widget elementor-widget-image\" data-id=\"b853b3d\" data-element_type=\"widget\" data-widget_type=\"image.default\">\n\t\t\t\t<div class=\"elementor-widget-container\">\n\t\t\t\t\t\t\t\t\t\t\t\t\t\t\t<img loading=\"lazy\" decoding=\"async\" width=\"495\" height=\"357\" src=\"https:\/\/eu.vanilla-trade.com\/wp-content\/uploads\/2025\/06\/about_us_04.webp\" class=\"attachment-large size-large wp-image-429\" alt=\"\" srcset=\"https:\/\/eu.vanilla-trade.com\/wp-content\/uploads\/2025\/06\/about_us_04.webp 495w, https:\/\/eu.vanilla-trade.com\/wp-content\/uploads\/2025\/06\/about_us_04-416x300.webp 416w, https:\/\/eu.vanilla-trade.com\/wp-content\/uploads\/2025\/06\/about_us_04-300x216.webp 300w\" sizes=\"(max-width: 495px) 100vw, 495px\" \/>\t\t\t\t\t\t\t\t\t\t\t\t\t\t\t<\/div>\n\t\t\t\t<\/div>\n\t\t\t\t<\/div>\n\t\t\t\t\t<\/div>\n\t\t\t\t<\/div>\n\t\t\t\t<\/div>","protected":false},"excerpt":{"rendered":"<p>\u00dcber uns \u00dcber uns Wir haben eigene Vanilleplantagen und engagieren uns daf\u00fcr, Kleinbauern und Kooperativen zusammenzuf\u00fchren, um die nationale mexikanische Vanille wieder zu einer stabilen Position auf dem Weltmarkt zu bringen. Wir sind ein f\u00fchrendes mexikanisches Unternehmen, das sich f\u00fcr den nachhaltigen und sozialen Vanilleanbau durch F\u00f6rderung und Unterst\u00fctzung der Kleinproduzenten einsetzt. Wir haben eigene [&hellip;]<\/p>","protected":false},"author":1,"featured_media":0,"parent":0,"menu_order":0,"comment_status":"closed","ping_status":"closed","template":"elementor_header_footer","meta":{"footnotes":""},"class_list":["post-12","page","type-page","status-publish","hentry"],"_links":{"self":[{"href":"https:\/\/eu.vanilla-trade.com\/es\/wp-json\/wp\/v2\/pages\/12","targetHints":{"allow":["GET"]}}],"collection":[{"href":"https:\/\/eu.vanilla-trade.com\/es\/wp-json\/wp\/v2\/pages"}],"about":[{"href":"https:\/\/eu.vanilla-trade.com\/es\/wp-json\/wp\/v2\/types\/page"}],"author":[{"embeddable":true,"href":"https:\/\/eu.vanilla-trade.com\/es\/wp-json\/wp\/v2\/users\/1"}],"replies":[{"embeddable":true,"href":"https:\/\/eu.vanilla-trade.com\/es\/wp-json\/wp\/v2\/comments?post=12"}],"version-history":[{"count":0,"href":"https:\/\/eu.vanilla-trade.com\/es\/wp-json\/wp\/v2\/pages\/12\/revisions"}],"wp:attachment":[{"href":"https:\/\/eu.vanilla-trade.com\/es\/wp-json\/wp\/v2\/media?parent=12"}],"curies":[{"name":"wp","href":"https:\/\/api.w.org\/{rel}","templated":true}]}}