{"id":733,"date":"2025-06-12T02:19:59","date_gmt":"2025-06-12T02:19:59","guid":{"rendered":"https:\/\/eu.vanilla-trade.com\/?post_type=product&#038;p=733"},"modified":"2026-01-15T20:26:02","modified_gmt":"2026-01-16T01:26:02","slug":"vanille-salz","status":"publish","type":"product","link":"https:\/\/eu.vanilla-trade.com\/en\/product\/vanille-salz\/","title":{"rendered":"Vanilla Salt"},"content":{"rendered":"<p><span style=\"font-weight: 400;\">Aroma and uses of vanilla salt<\/span><span style=\"font-weight: 400;\"><br \/>\n<\/span><span style=\"font-weight: 400;\">Vanilla salt is excellent for enhancing the flavor of fish, poultry, and tropical fruits such as mango or papaya. It also pairs beautifully with delicate vegetables like spinach or asparagus. The warm aromas blend perfectly with ginger and garlic. It can be used in place of regular table salt to add a special touch to savory dishes.<\/span><\/p>\n<p><span style=\"font-weight: 400;\">The finest sea salt is refined with selected Mexican vanilla powder. The captivating scent of the vanilla bean gives sauces, dressings, soups, and rice an exceptional flavor. We offer both pure Mexican vanilla salt and a version with a spicy chili piqu\u00edn twist.<\/span><\/p>\n<p><span style=\"font-weight: 400;\">Unser pers\u00f6nlicher Tipp f\u00fcr Sie:<\/span><span style=\"font-weight: 400;\"><br \/>\n<\/span><span style=\"font-weight: 400;\">W\u00fcrzen Sie ein saftiges Steak mit etwas Vanillesalz. Oder probieren Sie Vanillesalz und Knoblauch in der Marinade von Scampi oder Garnelen \u2013 die ungew\u00f6hnliche Kombination des erdig-w\u00fcrzigen Aromas mexikanischer Vanille mit Meersalz sorgt f\u00fcr ein einzigartiges Geschmackserlebnis vom Grill.<\/span><\/p>","protected":false},"excerpt":{"rendered":"<p><span style=\"font-weight: 400;\">Vanilla salt \u2013 finest sea salt refined with Mexican vanilla for unique aromas in cooking, grilling, and cocktails.<\/span><\/p>","protected":false},"featured_media":751,"template":"","meta":[],"product_brand":[],"product_cat":[73],"product_tag":[],"class_list":{"0":"post-733","1":"product","2":"type-product","3":"status-publish","4":"has-post-thumbnail","6":"product_cat-gewurze-mit-vanille","8":"first","9":"outofstock","10":"shipping-taxable","11":"purchasable","12":"product-type-variable"},"_links":{"self":[{"href":"https:\/\/eu.vanilla-trade.com\/en\/wp-json\/wp\/v2\/product\/733","targetHints":{"allow":["GET"]}}],"collection":[{"href":"https:\/\/eu.vanilla-trade.com\/en\/wp-json\/wp\/v2\/product"}],"about":[{"href":"https:\/\/eu.vanilla-trade.com\/en\/wp-json\/wp\/v2\/types\/product"}],"wp:featuredmedia":[{"embeddable":true,"href":"https:\/\/eu.vanilla-trade.com\/en\/wp-json\/wp\/v2\/media\/751"}],"wp:attachment":[{"href":"https:\/\/eu.vanilla-trade.com\/en\/wp-json\/wp\/v2\/media?parent=733"}],"wp:term":[{"taxonomy":"product_brand","embeddable":true,"href":"https:\/\/eu.vanilla-trade.com\/en\/wp-json\/wp\/v2\/product_brand?post=733"},{"taxonomy":"product_cat","embeddable":true,"href":"https:\/\/eu.vanilla-trade.com\/en\/wp-json\/wp\/v2\/product_cat?post=733"},{"taxonomy":"product_tag","embeddable":true,"href":"https:\/\/eu.vanilla-trade.com\/en\/wp-json\/wp\/v2\/product_tag?post=733"}],"curies":[{"name":"wp","href":"https:\/\/api.w.org\/{rel}","templated":true}]}}