{"id":478,"date":"2025-06-08T03:25:41","date_gmt":"2025-06-08T03:25:41","guid":{"rendered":"https:\/\/eu.vanilla-trade.com\/?page_id=478"},"modified":"2025-09-30T19:50:30","modified_gmt":"2025-10-01T00:50:30","slug":"industriell","status":"publish","type":"page","link":"https:\/\/eu.vanilla-trade.com\/en\/industriell\/","title":{"rendered":"Industrial"},"content":{"rendered":"<div data-elementor-type=\"wp-page\" data-elementor-id=\"478\" class=\"elementor elementor-478\" data-elementor-post-type=\"page\">\n\t\t\t\t<div class=\"elementor-element elementor-element-721373a e-flex e-con-boxed e-con e-parent\" data-id=\"721373a\" data-element_type=\"container\" data-settings=\"{&quot;background_background&quot;:&quot;classic&quot;}\">\n\t\t\t\t\t<div class=\"e-con-inner\">\n\t\t\t\t<div class=\"elementor-element elementor-element-dfbdf4d elementor-widget elementor-widget-heading\" data-id=\"dfbdf4d\" data-element_type=\"widget\" data-widget_type=\"heading.default\">\n\t\t\t\t<div class=\"elementor-widget-container\">\n\t\t\t\t\t<h2 class=\"elementor-heading-title elementor-size-default\">Industrial<\/h2>\t\t\t\t<\/div>\n\t\t\t\t<\/div>\n\t\t\t\t\t<\/div>\n\t\t\t\t<\/div>\n\t\t<div class=\"elementor-element elementor-element-676c0ba e-flex e-con-boxed e-con e-parent\" data-id=\"676c0ba\" data-element_type=\"container\">\n\t\t\t\t\t<div class=\"e-con-inner\">\n\t\t<div class=\"elementor-element elementor-element-2cd7989 e-con-full e-flex e-con e-child\" data-id=\"2cd7989\" data-element_type=\"container\">\n\t\t\t\t<div class=\"elementor-element elementor-element-1749e96 elementor-widget__width-initial elementor-widget elementor-widget-image\" data-id=\"1749e96\" data-element_type=\"widget\" data-widget_type=\"image.default\">\n\t\t\t\t<div class=\"elementor-widget-container\">\n\t\t\t\t\t\t\t\t\t\t\t\t\t\t\t<img fetchpriority=\"high\" decoding=\"async\" width=\"352\" height=\"268\" src=\"https:\/\/eu.vanilla-trade.com\/wp-content\/uploads\/2025\/06\/products01.webp\" class=\"attachment-large size-large wp-image-481\" alt=\"\" srcset=\"https:\/\/eu.vanilla-trade.com\/wp-content\/uploads\/2025\/06\/products01.webp 352w, https:\/\/eu.vanilla-trade.com\/wp-content\/uploads\/2025\/06\/products01-300x228.webp 300w\" sizes=\"(max-width: 352px) 100vw, 352px\" \/>\t\t\t\t\t\t\t\t\t\t\t\t\t\t\t<\/div>\n\t\t\t\t<\/div>\n\t\t\t\t<\/div>\n\t\t<div class=\"elementor-element elementor-element-a7e114b e-con-full e-flex e-con e-child\" data-id=\"a7e114b\" data-element_type=\"container\">\n\t\t\t\t<div class=\"elementor-element elementor-element-4f773c9 elementor-widget elementor-widget-heading\" data-id=\"4f773c9\" data-element_type=\"widget\" data-widget_type=\"heading.default\">\n\t\t\t\t<div class=\"elementor-widget-container\">\n\t\t\t\t\t<h2 class=\"elementor-heading-title elementor-size-default\">Industrial<\/h2>\t\t\t\t<\/div>\n\t\t\t\t<\/div>\n\t\t\t\t<div class=\"elementor-element elementor-element-6b17f3b elementor-widget elementor-widget-image\" data-id=\"6b17f3b\" data-element_type=\"widget\" data-widget_type=\"image.default\">\n\t\t\t\t<div class=\"elementor-widget-container\">\n\t\t\t\t\t\t\t\t\t\t\t\t\t\t\t<img decoding=\"async\" width=\"55\" height=\"4\" src=\"https:\/\/eu.vanilla-trade.com\/wp-content\/uploads\/2025\/06\/after_amarillo-1.png\" class=\"attachment-large size-large wp-image-342\" alt=\"\" \/>\t\t\t\t\t\t\t\t\t\t\t\t\t\t\t<\/div>\n\t\t\t\t<\/div>\n\t\t\t\t<div class=\"elementor-element elementor-element-62d06ff elementor-widget elementor-widget-text-editor\" data-id=\"62d06ff\" data-element_type=\"widget\" data-widget_type=\"text-editor.default\">\n\t\t\t\t<div class=\"elementor-widget-container\">\n\t\t\t\t\t\t\t\t\t<p><strong>Our finest gourmet vanilla \u2013 for the highest standards<\/strong><\/p><p>Our Mexican gourmet vanilla is characterized by a distinctive, particularly delicate aroma. This arises from the combination <span style=\"font-weight: 400;\">of more than 200 individual flavor components,<\/span>uniquely brought together in naturally ripened vanilla. Gourmets use it not only to give desserts a special flavor, but also to add a truly unique touch to many savory dishes.<\/p><p>You can receive our handpicked Mexican gourmet vanilla as:<\/p><p>Whole vanilla pods in premium quality.<br \/>An intensely aromatic vanilla powder.<br \/>A high-quality vanilla extract.<br \/>Business customers who require larger quantities or special formulations are kindly requested to request a custom quote.<\/p>\t\t\t\t\t\t\t\t<\/div>\n\t\t\t\t<\/div>\n\t\t\t\t<\/div>\n\t\t\t\t\t<\/div>\n\t\t\t\t<\/div>\n\t\t\t\t<\/div>","protected":false},"excerpt":{"rendered":"<p>Industriell Industriell Unsere beste Gourmet-Vanille &#8211; f\u00fcr h\u00f6chste Anspr\u00fcche Unsere Mexican Gourmet Vanilla zeichnet sich durch ein unverwechselbares, besonders feines Aroma aus. Dieses entsteht durch das Zusammenspiel mehr als 200 einzelnen Geschmackskomponenten, die nur die nat\u00fcrlich gereifte Vanille in sich vereint. Feinschmecker verwenden sie nicht nur, um S\u00fc\u00dfspeisen einen besonderen Geschmack zu verleihen, sondern sie [&hellip;]<\/p>","protected":false},"author":1,"featured_media":0,"parent":0,"menu_order":0,"comment_status":"closed","ping_status":"closed","template":"elementor_header_footer","meta":{"footnotes":""},"class_list":["post-478","page","type-page","status-publish","hentry"],"_links":{"self":[{"href":"https:\/\/eu.vanilla-trade.com\/en\/wp-json\/wp\/v2\/pages\/478","targetHints":{"allow":["GET"]}}],"collection":[{"href":"https:\/\/eu.vanilla-trade.com\/en\/wp-json\/wp\/v2\/pages"}],"about":[{"href":"https:\/\/eu.vanilla-trade.com\/en\/wp-json\/wp\/v2\/types\/page"}],"author":[{"embeddable":true,"href":"https:\/\/eu.vanilla-trade.com\/en\/wp-json\/wp\/v2\/users\/1"}],"replies":[{"embeddable":true,"href":"https:\/\/eu.vanilla-trade.com\/en\/wp-json\/wp\/v2\/comments?post=478"}],"version-history":[{"count":0,"href":"https:\/\/eu.vanilla-trade.com\/en\/wp-json\/wp\/v2\/pages\/478\/revisions"}],"wp:attachment":[{"href":"https:\/\/eu.vanilla-trade.com\/en\/wp-json\/wp\/v2\/media?parent=478"}],"curies":[{"name":"wp","href":"https:\/\/api.w.org\/{rel}","templated":true}]}}