{"id":3,"date":"2025-06-04T23:14:40","date_gmt":"2025-06-04T23:14:40","guid":{"rendered":"https:\/\/eu.vanilla-trade.com\/?page_id=3"},"modified":"2025-08-05T21:43:59","modified_gmt":"2025-08-06T02:43:59","slug":"datenschutzhinweis","status":"publish","type":"page","link":"https:\/\/eu.vanilla-trade.com\/en\/datenschutzhinweis\/","title":{"rendered":"Privacy Notice"},"content":{"rendered":"<div data-elementor-type=\"wp-page\" data-elementor-id=\"3\" class=\"elementor elementor-3\" data-elementor-post-type=\"page\">\n\t\t\t\t<div class=\"elementor-element elementor-element-5dbfb3fa e-flex e-con-boxed e-con e-parent\" data-id=\"5dbfb3fa\" data-element_type=\"container\">\n\t\t\t\t\t<div class=\"e-con-inner\">\n\t\t\t\t<div class=\"elementor-element elementor-element-585a77f2 elementor-widget elementor-widget-text-editor\" data-id=\"585a77f2\" data-element_type=\"widget\" data-widget_type=\"text-editor.default\">\n\t\t\t\t<div class=\"elementor-widget-container\">\n\t\t\t\t\t\t\t\t\t<h3>I. Identity and Address of the Responsible Party<\/h3>\nAlfagama SA de CV (hereinafter 'Vanilla-Trade') is responsible for the processing and protection of the personal data collected through the website www.vanilla-trade.com\n<h3>II. Purposes of Data Processing<\/h3>\nThe data collected by Vanilla-Trade on the website is used for the following purposes:\n\nIdentification of the buyer\n\nVerification of the information provided\n\nSale of products offered by Vanilla-Trade\n\nShipping of purchased products and management of delivery services\n\nSecondarily, the data may be used for:\n\nSending advertising campaigns, promotions, notices, and notifications from Vanilla-Trade electronically.\n\nIf you do not wish to receive these messages, please send an email to info@vanilla-trade.com\n<h3>III. Collected Personal Data<\/h3>\nNo sensitive data is collected through the website.\nIn accordance with the Mexican Federal Law on the Protection of Personal Data Held by Private Parties and its regulations, Vanilla-Trade informs that the following data may be collected:\n\na) Identification data: Name, country, city, age, and other relevant information.\nb) Contact data: Address, tax address, delivery address, email address, phone number.\nc) Financial or asset-related data: Credit or debit card information for transaction processing (only with the user\u2019s express consent).\nd) Electronic records: Purchases, IP address, browser, URL, page visits, cookies, and analytical data collected, for example, via Google Analytics.\n\nThe user agrees that the data provided is truthful, complete, and accurate.\n<h3>IV. Disclosure\/Sharing of Personal Data<\/h3>\nVanilla-Trade may share the personal data collected with:\n\na) Shipping companies: For the delivery of purchased products.\nb) Service providers: Including payment processing, shipping, and email services. Providers are required to maintain confidentiality and use the data exclusively for the contracted service.\nc) Third parties: Only if necessary to fulfill the business relationship between the user and Vanilla-Trade, such as:\n\nProviders of payment and fraud prevention services\n\nShipping and logistics companies\n\nVanilla-Trade commits not to use or disclose personal data for purposes other than those established.\nIf you do not agree with the sharing of your personal data, please notify us following the procedure described in this statement.\n<h3>V. Ways to exercise your ARCO rights or to revoke consent<\/h3>\nHere\u2019s the English translation:\n\n---\n\nThe owner or their legal representative may exercise their rights by sending a request to **[info@vanilla-trade.com](mailto:info@vanilla-trade.com)**. The request must include:\n\n* Full name and email address for the response\n* Proof of identity or legal representation\n* A clear description of the data you wish to access, correct, delete, or object to its processing\n* For correction requests, relevant documentation to support the requested changes\n<h3>VI. Ways to restrict the use and disclosure of personal data<\/h3>\nBy using this website, the user accepts the use of their data in accordance with these provisions. The user declares that the information provided is truthful and up-to-date.\n<h3>VII. Information about changes to the privacy policy<\/h3>\nVanilla-Trade reserves the right to change this statement at any time. In the event of changes, notification will be made through:\n\na) The registered email address\nb) A prominent notice on the website www.vanilla-trade.com\n<h3>VIII. Contact<\/h3>\nF\u00fcr Informationen, Kl\u00e4rungen oder Beschwerden k\u00f6nnen Sie Vanilla-Trade unter info@vanilla-trade.com kontaktieren.\n<h3>IX. Last Updated<\/h3>\nAll changes to this statement will be announced here\t\t\t\t\t\t\t\t<\/div>\n\t\t\t\t<\/div>\n\t\t\t\t\t<\/div>\n\t\t\t\t<\/div>\n\t\t\t\t<\/div>","protected":false},"excerpt":{"rendered":"<p>I. IDENTIT\u00c4T UND ANSCHRIFT DES VERANTWORTLICHEN Alfagama SA de CV (im Folgenden \u201eVanilla-Trade\u201c) ist f\u00fcr die Verarbeitung und den Schutz der \u00fcber die Website www.vanilla-trade.com erhobenen personenbezogenen Daten verantwortlich. II. ZWECKE DER DATENVERARBEITUNG Die von Vanilla-Trade auf der Website erhobenen Daten werden zu folgenden Zwecken verwendet: \u2022 Identifizierung des K\u00e4ufers \u2022 \u00dcberpr\u00fcfung der bereitgestellten Informationen [&hellip;]<\/p>","protected":false},"author":1,"featured_media":0,"parent":0,"menu_order":0,"comment_status":"closed","ping_status":"closed","template":"","meta":{"footnotes":""},"class_list":["post-3","page","type-page","status-publish","hentry"],"_links":{"self":[{"href":"https:\/\/eu.vanilla-trade.com\/en\/wp-json\/wp\/v2\/pages\/3","targetHints":{"allow":["GET"]}}],"collection":[{"href":"https:\/\/eu.vanilla-trade.com\/en\/wp-json\/wp\/v2\/pages"}],"about":[{"href":"https:\/\/eu.vanilla-trade.com\/en\/wp-json\/wp\/v2\/types\/page"}],"author":[{"embeddable":true,"href":"https:\/\/eu.vanilla-trade.com\/en\/wp-json\/wp\/v2\/users\/1"}],"replies":[{"embeddable":true,"href":"https:\/\/eu.vanilla-trade.com\/en\/wp-json\/wp\/v2\/comments?post=3"}],"version-history":[{"count":0,"href":"https:\/\/eu.vanilla-trade.com\/en\/wp-json\/wp\/v2\/pages\/3\/revisions"}],"wp:attachment":[{"href":"https:\/\/eu.vanilla-trade.com\/en\/wp-json\/wp\/v2\/media?parent=3"}],"curies":[{"name":"wp","href":"https:\/\/api.w.org\/{rel}","templated":true}]}}