{"id":16,"date":"2025-06-04T23:25:16","date_gmt":"2025-06-04T23:25:16","guid":{"rendered":"https:\/\/eu.vanilla-trade.com\/?page_id=16"},"modified":"2025-08-05T21:11:45","modified_gmt":"2025-08-06T02:11:45","slug":"produkte","status":"publish","type":"page","link":"https:\/\/eu.vanilla-trade.com\/en\/produkte\/","title":{"rendered":"Produkte"},"content":{"rendered":"<div data-elementor-type=\"wp-page\" data-elementor-id=\"16\" class=\"elementor elementor-16\" data-elementor-post-type=\"page\">\n\t\t\t\t<div class=\"elementor-element elementor-element-a51a850 e-flex e-con-boxed e-con e-parent\" data-id=\"a51a850\" data-element_type=\"container\" data-settings=\"{&quot;background_background&quot;:&quot;classic&quot;}\">\n\t\t\t\t\t<div class=\"e-con-inner\">\n\t\t\t\t<div class=\"elementor-element elementor-element-bfa4c1a elementor-widget elementor-widget-heading\" data-id=\"bfa4c1a\" data-element_type=\"widget\" data-widget_type=\"heading.default\">\n\t\t\t\t<div class=\"elementor-widget-container\">\n\t\t\t\t\t<h2 class=\"elementor-heading-title elementor-size-default\">OUR PRODUCTS<\/h2>\t\t\t\t<\/div>\n\t\t\t\t<\/div>\n\t\t\t\t\t<\/div>\n\t\t\t\t<\/div>\n\t\t<div class=\"elementor-element elementor-element-a72f644 e-flex e-con-boxed e-con e-parent\" data-id=\"a72f644\" data-element_type=\"container\">\n\t\t\t\t\t<div class=\"e-con-inner\">\n\t\t<div class=\"elementor-element elementor-element-f5e610c e-con-full e-flex e-con e-child\" data-id=\"f5e610c\" data-element_type=\"container\">\n\t\t\t\t<div class=\"elementor-element elementor-element-0590e47 elementor-widget elementor-widget-image\" data-id=\"0590e47\" data-element_type=\"widget\" data-widget_type=\"image.default\">\n\t\t\t\t<div class=\"elementor-widget-container\">\n\t\t\t\t\t\t\t\t\t\t\t\t\t\t\t<img fetchpriority=\"high\" decoding=\"async\" width=\"444\" height=\"340\" src=\"https:\/\/eu.vanilla-trade.com\/wp-content\/uploads\/2025\/06\/our_products01.webp\" class=\"attachment-large size-large wp-image-468\" alt=\"\" srcset=\"https:\/\/eu.vanilla-trade.com\/wp-content\/uploads\/2025\/06\/our_products01.webp 444w, https:\/\/eu.vanilla-trade.com\/wp-content\/uploads\/2025\/06\/our_products01-416x319.webp 416w, https:\/\/eu.vanilla-trade.com\/wp-content\/uploads\/2025\/06\/our_products01-300x230.webp 300w\" sizes=\"(max-width: 444px) 100vw, 444px\" \/>\t\t\t\t\t\t\t\t\t\t\t\t\t\t\t<\/div>\n\t\t\t\t<\/div>\n\t\t\t\t<\/div>\n\t\t<div class=\"elementor-element elementor-element-28789d8 e-con-full e-flex e-con e-child\" data-id=\"28789d8\" data-element_type=\"container\">\n\t\t\t\t<div class=\"elementor-element elementor-element-fba250b elementor-widget elementor-widget-heading\" data-id=\"fba250b\" data-element_type=\"widget\" data-widget_type=\"heading.default\">\n\t\t\t\t<div class=\"elementor-widget-container\">\n\t\t\t\t\t<h2 class=\"elementor-heading-title elementor-size-default\">High-quality vanilla<\/h2>\t\t\t\t<\/div>\n\t\t\t\t<\/div>\n\t\t\t\t<div class=\"elementor-element elementor-element-263c11a elementor-widget elementor-widget-text-editor\" data-id=\"263c11a\" data-element_type=\"widget\" data-widget_type=\"text-editor.default\">\n\t\t\t\t<div class=\"elementor-widget-container\">\n\t\t\t\t\t\t\t\t\t<p>The original Mexican vanilla is the most authentic vanilla pod, as this orchid family originates from Mexico. The Totonacs were the first to cultivate vanilla and, through the drying process, invented the distinctive vanilla flavor. The flavor profile of Mexican vanilla pods is similar to that of Madagascar vanilla, although Mexican vanilla has a softer, smoother quality and a spicy, woody aroma that gives it a unique flavor profile. The strong, robust taste of Mexican vanilla pods is perfect for recipes where vanilla plays a leading role<br \/>making it ideal for baked goods, cheesecake, chocolate desserts, vanilla pudding, cr\u00e8me br\u00fbl\u00e9e, ice cream, and sweet breads.<\/p>\t\t\t\t\t\t\t\t<\/div>\n\t\t\t\t<\/div>\n\t\t\t\t<\/div>\n\t\t\t\t\t<\/div>\n\t\t\t\t<\/div>\n\t\t<div class=\"elementor-element elementor-element-de50773 e-flex e-con-boxed e-con e-parent\" data-id=\"de50773\" data-element_type=\"container\">\n\t\t\t\t\t<div class=\"e-con-inner\">\n\t\t\t\t<div class=\"elementor-element elementor-element-d99007b elementor-widget elementor-widget-text-editor\" data-id=\"d99007b\" data-element_type=\"widget\" data-widget_type=\"text-editor.default\">\n\t\t\t\t<div class=\"elementor-widget-container\">\n\t\t\t\t\t\t\t\t\t<p>In contrast to Bourbon vanilla, the Mexican variety does not give off intensely sweet notes, but remains in the background with its tart, heavy, woody aroma, leaving behind a subtle yet cheeky floral bouquet. It also goes wonderfully with spicy dishes such as fish, game &amp; poultry or bitter vegetables, and is a pleasant companion to jams and desserts made from dark chocolate.<br \/>We want to make original Mexican vanilla available worldwide for connoisseurs, food specialists, enthusiasts, and food manufacturers, and we offer vanilla pods of various quality categories as well as vanilla powder, vanilla sugar, and vanilla extract (2x, 4x &amp; 10x).<\/p>\t\t\t\t\t\t\t\t<\/div>\n\t\t\t\t<\/div>\n\t\t\t\t\t<\/div>\n\t\t\t\t<\/div>\n\t\t<div class=\"elementor-element elementor-element-ca7ae7e e-flex e-con-boxed e-con e-parent\" data-id=\"ca7ae7e\" data-element_type=\"container\">\n\t\t\t\t\t<div class=\"e-con-inner\">\n\t\t\t\t<div class=\"elementor-element elementor-element-5c24a3b elementor-widget-divider--view-line elementor-widget elementor-widget-divider\" data-id=\"5c24a3b\" data-element_type=\"widget\" data-widget_type=\"divider.default\">\n\t\t\t\t<div class=\"elementor-widget-container\">\n\t\t\t\t\t\t\t<div class=\"elementor-divider\">\n\t\t\t<span class=\"elementor-divider-separator\">\n\t\t\t\t\t\t<\/span>\n\t\t<\/div>\n\t\t\t\t\t\t<\/div>\n\t\t\t\t<\/div>\n\t\t\t\t\t<\/div>\n\t\t\t\t<\/div>\n\t\t<div class=\"elementor-element elementor-element-92f86b8 e-con-full e-flex e-con e-parent\" data-id=\"92f86b8\" data-element_type=\"container\">\n\t\t\t\t<div class=\"elementor-element elementor-element-4063350 elementor-widget elementor-widget-heading\" data-id=\"4063350\" data-element_type=\"widget\" data-widget_type=\"heading.default\">\n\t\t\t\t<div class=\"elementor-widget-container\">\n\t\t\t\t\t<h2 class=\"elementor-heading-title elementor-size-default\">Vanilla products<\/h2>\t\t\t\t<\/div>\n\t\t\t\t<\/div>\n\t\t\t\t<div class=\"elementor-element elementor-element-6d61eab elementor-widget elementor-widget-image\" data-id=\"6d61eab\" data-element_type=\"widget\" data-widget_type=\"image.default\">\n\t\t\t\t<div class=\"elementor-widget-container\">\n\t\t\t\t\t\t\t\t\t\t\t\t\t\t\t<img decoding=\"async\" width=\"152\" height=\"23\" src=\"https:\/\/eu.vanilla-trade.com\/wp-content\/uploads\/2025\/06\/separator2.png\" class=\"attachment-large size-large wp-image-406\" alt=\"\" srcset=\"https:\/\/eu.vanilla-trade.com\/wp-content\/uploads\/2025\/06\/separator2.png 152w, https:\/\/eu.vanilla-trade.com\/wp-content\/uploads\/2025\/06\/separator2-150x23.png 150w\" sizes=\"(max-width: 152px) 100vw, 152px\" \/>\t\t\t\t\t\t\t\t\t\t\t\t\t\t\t<\/div>\n\t\t\t\t<\/div>\n\t\t\t\t<\/div>\n\t\t<div class=\"elementor-element elementor-element-6b6d00c e-con-full e-flex e-con e-parent\" data-id=\"6b6d00c\" data-element_type=\"container\">\n\t\t<div class=\"elementor-element elementor-element-6202088 e-con-full e-flex e-con e-child\" data-id=\"6202088\" data-element_type=\"container\">\n\t\t\t\t<div class=\"elementor-element elementor-element-527d708 elementor-widget elementor-widget-image\" data-id=\"527d708\" data-element_type=\"widget\" data-widget_type=\"image.default\">\n\t\t\t\t<div class=\"elementor-widget-container\">\n\t\t\t\t\t\t\t\t\t\t\t\t\t\t\t<img decoding=\"async\" width=\"352\" height=\"268\" src=\"https:\/\/eu.vanilla-trade.com\/wp-content\/uploads\/2025\/06\/products01.jpg\" class=\"attachment-large size-large wp-image-407\" alt=\"\" srcset=\"https:\/\/eu.vanilla-trade.com\/wp-content\/uploads\/2025\/06\/products01.jpg 352w, https:\/\/eu.vanilla-trade.com\/wp-content\/uploads\/2025\/06\/products01-300x228.jpg 300w\" sizes=\"(max-width: 352px) 100vw, 352px\" \/>\t\t\t\t\t\t\t\t\t\t\t\t\t\t\t<\/div>\n\t\t\t\t<\/div>\n\t\t\t\t<div class=\"elementor-element elementor-element-cd74a16 elementor-widget elementor-widget-text-editor\" data-id=\"cd74a16\" data-element_type=\"widget\" data-widget_type=\"text-editor.default\">\n\t\t\t\t<div class=\"elementor-widget-container\">\n\t\t\t\t\t\t\t\t\t<h3>Industrial<\/h3><p>Our finest gourmet vanilla \u2013 for the highest standards. Our Mexican gourmet vanilla is distinguished by a unique, particularly delicate aroma\u2026<\/p><p style=\"text-align: center;\"><span style=\"color: #4f2c1d;\"><a style=\"color: #4f2c1d;\" href=\"https:\/\/eu.vanilla-trade.com\/en\/industriell\/\" data-wplink-url-error=\"true\"><span style=\"text-decoration: underline;\"><strong>Read more<\/strong><\/span><\/a><\/span><\/p>\t\t\t\t\t\t\t\t<\/div>\n\t\t\t\t<\/div>\n\t\t\t\t<\/div>\n\t\t<div class=\"elementor-element elementor-element-9ec84b3 e-con-full e-flex e-con e-child\" data-id=\"9ec84b3\" data-element_type=\"container\">\n\t\t\t\t<div class=\"elementor-element elementor-element-e15008b elementor-widget elementor-widget-image\" data-id=\"e15008b\" data-element_type=\"widget\" data-widget_type=\"image.default\">\n\t\t\t\t<div class=\"elementor-widget-container\">\n\t\t\t\t\t\t\t\t\t\t\t\t\t\t\t<img loading=\"lazy\" decoding=\"async\" width=\"352\" height=\"268\" src=\"https:\/\/eu.vanilla-trade.com\/wp-content\/uploads\/2025\/06\/wholesale.jpg\" class=\"attachment-large size-large wp-image-410\" alt=\"\" srcset=\"https:\/\/eu.vanilla-trade.com\/wp-content\/uploads\/2025\/06\/wholesale.jpg 352w, https:\/\/eu.vanilla-trade.com\/wp-content\/uploads\/2025\/06\/wholesale-300x228.jpg 300w\" sizes=\"(max-width: 352px) 100vw, 352px\" \/>\t\t\t\t\t\t\t\t\t\t\t\t\t\t\t<\/div>\n\t\t\t\t<\/div>\n\t\t\t\t<div class=\"elementor-element elementor-element-e067a74 elementor-widget elementor-widget-text-editor\" data-id=\"e067a74\" data-element_type=\"widget\" data-widget_type=\"text-editor.default\">\n\t\t\t\t<div class=\"elementor-widget-container\">\n\t\t\t\t\t\t\t\t\t<h3>Wholesale<\/h3><p>Our Mexican gourmet vanilla inspires chefs to create culinary highlights and gives fine ice cream and selected chocolates their special aroma\u2026<\/p><p style=\"text-align: center;\"><a href=\"https:\/\/eu.vanilla-trade.com\/en\/grosshandel\/\"><strong><span style=\"text-decoration: underline;\"><span style=\"color: #4f2c1d; text-decoration: underline;\">Read more<\/span><\/span><\/strong><\/a><\/p>\t\t\t\t\t\t\t\t<\/div>\n\t\t\t\t<\/div>\n\t\t\t\t<\/div>\n\t\t<div class=\"elementor-element elementor-element-a43e6cd e-con-full e-flex e-con e-child\" data-id=\"a43e6cd\" data-element_type=\"container\">\n\t\t\t\t<div class=\"elementor-element elementor-element-5a5fb97 elementor-widget elementor-widget-image\" data-id=\"5a5fb97\" data-element_type=\"widget\" data-widget_type=\"image.default\">\n\t\t\t\t<div class=\"elementor-widget-container\">\n\t\t\t\t\t\t\t\t\t\t\t\t\t\t\t<img loading=\"lazy\" decoding=\"async\" width=\"352\" height=\"268\" src=\"https:\/\/eu.vanilla-trade.com\/wp-content\/uploads\/2025\/06\/online_shop.jpg\" class=\"attachment-large size-large wp-image-409\" alt=\"\" srcset=\"https:\/\/eu.vanilla-trade.com\/wp-content\/uploads\/2025\/06\/online_shop.jpg 352w, https:\/\/eu.vanilla-trade.com\/wp-content\/uploads\/2025\/06\/online_shop-300x228.jpg 300w\" sizes=\"(max-width: 352px) 100vw, 352px\" \/>\t\t\t\t\t\t\t\t\t\t\t\t\t\t\t<\/div>\n\t\t\t\t<\/div>\n\t\t\t\t<div class=\"elementor-element elementor-element-4841d01 elementor-widget elementor-widget-text-editor\" data-id=\"4841d01\" data-element_type=\"widget\" data-widget_type=\"text-editor.default\">\n\t\t\t\t<div class=\"elementor-widget-container\">\n\t\t\t\t\t\t\t\t\t<h3>Online Shop<\/h3><p>Welcome to our online shop. Take a look around and get inspired. Here you can conveniently order our fine Mexican gourmet vanilla online\u2026<\/p><p style=\"text-align: center;\"><span style=\"text-decoration: underline;\"><strong><span style=\"color: #4f2c1d;\"><a style=\"color: #4f2c1d; text-decoration: underline;\" href=\"https:\/\/eu.vanilla-trade.com\/en\/online-shop\/\">Read more<\/a><\/span><\/strong><\/span><\/p>\t\t\t\t\t\t\t\t<\/div>\n\t\t\t\t<\/div>\n\t\t\t\t<\/div>\n\t\t\t\t<\/div>\n\t\t\t\t<\/div>","protected":false},"excerpt":{"rendered":"<p>\u00dcNSERE PRODUKTE Vanille von hoher Qualit\u00e4t Die mexikanische Ur-Vanille ist die urspr\u00fcnglichste Vanilleschote, da diese Orchideenfamilie aus Mexiko stammt. Die Totonacs waren die ersten, die die Vanille kultivierten und durch den Trocknungsprozess erst den Vanillegeschmack erfanden. Das Geschmacksprofil der mexikanischen Vanilleschoten \u00e4hnelt dem der madagassischen Vanille, obwohl die mexikanische Vanille eine weichere, geschmeidigere Qualit\u00e4t und [&hellip;]<\/p>","protected":false},"author":1,"featured_media":0,"parent":0,"menu_order":0,"comment_status":"closed","ping_status":"closed","template":"elementor_header_footer","meta":{"footnotes":""},"class_list":["post-16","page","type-page","status-publish","hentry"],"_links":{"self":[{"href":"https:\/\/eu.vanilla-trade.com\/en\/wp-json\/wp\/v2\/pages\/16","targetHints":{"allow":["GET"]}}],"collection":[{"href":"https:\/\/eu.vanilla-trade.com\/en\/wp-json\/wp\/v2\/pages"}],"about":[{"href":"https:\/\/eu.vanilla-trade.com\/en\/wp-json\/wp\/v2\/types\/page"}],"author":[{"embeddable":true,"href":"https:\/\/eu.vanilla-trade.com\/en\/wp-json\/wp\/v2\/users\/1"}],"replies":[{"embeddable":true,"href":"https:\/\/eu.vanilla-trade.com\/en\/wp-json\/wp\/v2\/comments?post=16"}],"version-history":[{"count":0,"href":"https:\/\/eu.vanilla-trade.com\/en\/wp-json\/wp\/v2\/pages\/16\/revisions"}],"wp:attachment":[{"href":"https:\/\/eu.vanilla-trade.com\/en\/wp-json\/wp\/v2\/media?parent=16"}],"curies":[{"name":"wp","href":"https:\/\/api.w.org\/{rel}","templated":true}]}}