{"id":14,"date":"2025-06-04T23:24:55","date_gmt":"2025-06-04T23:24:55","guid":{"rendered":"https:\/\/eu.vanilla-trade.com\/?page_id=14"},"modified":"2025-08-05T21:00:09","modified_gmt":"2025-08-06T02:00:09","slug":"mexikanische-vanille","status":"publish","type":"page","link":"https:\/\/eu.vanilla-trade.com\/en\/mexikanische-vanille\/","title":{"rendered":"Mexican vanilla"},"content":{"rendered":"<div data-elementor-type=\"wp-page\" data-elementor-id=\"14\" class=\"elementor elementor-14\" data-elementor-post-type=\"page\">\n\t\t\t\t<div class=\"elementor-element elementor-element-58acc0a e-flex e-con-boxed e-con e-parent\" data-id=\"58acc0a\" data-element_type=\"container\" data-settings=\"{&quot;background_background&quot;:&quot;classic&quot;}\">\n\t\t\t\t\t<div class=\"e-con-inner\">\n\t\t\t\t<div class=\"elementor-element elementor-element-2496578 elementor-widget elementor-widget-heading\" data-id=\"2496578\" data-element_type=\"widget\" data-widget_type=\"heading.default\">\n\t\t\t\t<div class=\"elementor-widget-container\">\n\t\t\t\t\t<h1 class=\"elementor-heading-title elementor-size-default\">Sustainable vanilla cultivation<\/h1>\t\t\t\t<\/div>\n\t\t\t\t<\/div>\n\t\t\t\t\t<\/div>\n\t\t\t\t<\/div>\n\t\t<div class=\"elementor-element elementor-element-712a8f2 e-flex e-con-boxed e-con e-parent\" data-id=\"712a8f2\" data-element_type=\"container\">\n\t\t\t\t\t<div class=\"e-con-inner\">\n\t\t<div class=\"elementor-element elementor-element-5ba137d e-con-full e-flex e-con e-child\" data-id=\"5ba137d\" data-element_type=\"container\">\n\t\t\t\t<div class=\"elementor-element elementor-element-7e47491 elementor-widget elementor-widget-heading\" data-id=\"7e47491\" data-element_type=\"widget\" data-widget_type=\"heading.default\">\n\t\t\t\t<div class=\"elementor-widget-container\">\n\t\t\t\t\t<h2 class=\"elementor-heading-title elementor-size-default\">Original Mexican vanilla<\/h2>\t\t\t\t<\/div>\n\t\t\t\t<\/div>\n\t\t\t\t<div class=\"elementor-element elementor-element-8b129b3 elementor-widget elementor-widget-image\" data-id=\"8b129b3\" data-element_type=\"widget\" data-widget_type=\"image.default\">\n\t\t\t\t<div class=\"elementor-widget-container\">\n\t\t\t\t\t\t\t\t\t\t\t\t\t\t\t<img decoding=\"async\" width=\"55\" height=\"4\" src=\"https:\/\/eu.vanilla-trade.com\/wp-content\/uploads\/2025\/06\/after_amarillo.png\" class=\"attachment-large size-large wp-image-200\" alt=\"\" \/>\t\t\t\t\t\t\t\t\t\t\t\t\t\t\t<\/div>\n\t\t\t\t<\/div>\n\t\t\t\t<div class=\"elementor-element elementor-element-971afbd elementor-widget elementor-widget-text-editor\" data-id=\"971afbd\" data-element_type=\"widget\" data-widget_type=\"text-editor.default\">\n\t\t\t\t<div class=\"elementor-widget-container\">\n\t\t\t\t\t\t\t\t\t<p>Vanilla is an indispensable ingredient that is widely used in many industries, including the food, cosmetics, and perfume industries. 80% of the world's vanilla production is concentrated in Madagascar, but did you know that...<br \/>\u00bfSab\u00eda usted que M\u00e9xico es el pa\u00eds de origen de la vainilla? El cacao y la vainilla son logros mexicanos que han enriquecido la cocina mundial durante siglos. Los aztecas trataban las semillas de cacao como monedas y, desde hace siglos, aqu\u00ed se cultiva la mejor vainilla gourmet y se produce mediante elaborados m\u00e9todos tradicionales. Aqu\u00ed, en el coraz\u00f3n de M\u00e9xico, comienza la historia de un placer verdaderamente especial.<\/p>\t\t\t\t\t\t\t\t<\/div>\n\t\t\t\t<\/div>\n\t\t\t\t<div class=\"elementor-element elementor-element-5350383 elementor-widget elementor-widget-text-editor\" data-id=\"5350383\" data-element_type=\"widget\" data-widget_type=\"text-editor.default\">\n\t\t\t\t<div class=\"elementor-widget-container\">\n\t\t\t\t\t\t\t\t\t<h3 class=\"cuna-cultivo\">Mexico, the cradle of vanilla cultivation<\/h3><p>Vanilla originally comes from Mexico and is also known by the Nahuatl names ixtlilxochitl or tlilx\u00f3chitl (\u201cblack flower\u201d), totonaco xanath, and cacixanatl, which were already used by the Aztecs to soften the bitter taste of chocolate. The Totonacs, inhabitants of the Gulf Coast of Mexico, were the first to cultivate vanilla. The Totonacs maintained the monopoly of vanilla cultivation until the 19th century, as all European attempts to grow vanilla elsewhere failed outside its native land. Thanks to the Frenchman Louis XIV, the Sun King, who was passionate about this exotic spice, vanilla conquered the noble kitchens of Europe. Yet all initial attempts to cultivate vanilla outside Mexico were doomed to fail. For a long time, only Mexican bees could pollinate vanilla flowers. In 1837, the Belgian botanist Charles Morren discovered that the vanilla flower is pollinated by the stingless Melipona bee, which is found only in Mexico, thus preventing natural pollination elsewhere. It was not until the 12-year-old slave Edmond Albius (1829\u20131880) on the island of Bourbon invented hand-pollination of orchid flowers that vanilla began to be cultivated in many tropical regions of the world.<\/p>\t\t\t\t\t\t\t\t<\/div>\n\t\t\t\t<\/div>\n\t\t\t\t<\/div>\n\t\t\t\t\t<\/div>\n\t\t\t\t<\/div>\n\t\t<div class=\"elementor-element elementor-element-4b4e553 e-flex e-con-boxed e-con e-parent\" data-id=\"4b4e553\" data-element_type=\"container\">\n\t\t\t\t\t<div class=\"e-con-inner\">\n\t\t<div class=\"elementor-element elementor-element-579c4c7 e-con-full e-flex e-con e-child\" data-id=\"579c4c7\" data-element_type=\"container\">\n\t\t\t\t<div class=\"elementor-element elementor-element-2dc7d0f elementor-widget elementor-widget-image\" data-id=\"2dc7d0f\" data-element_type=\"widget\" data-widget_type=\"image.default\">\n\t\t\t\t<div class=\"elementor-widget-container\">\n\t\t\t\t\t\t\t\t\t\t\t\t\t\t\t<img fetchpriority=\"high\" decoding=\"async\" width=\"352\" height=\"273\" src=\"https:\/\/eu.vanilla-trade.com\/wp-content\/uploads\/2025\/06\/mexican01.webp\" class=\"attachment-large size-large wp-image-445\" alt=\"\" srcset=\"https:\/\/eu.vanilla-trade.com\/wp-content\/uploads\/2025\/06\/mexican01.webp 352w, https:\/\/eu.vanilla-trade.com\/wp-content\/uploads\/2025\/06\/mexican01-300x233.webp 300w\" sizes=\"(max-width: 352px) 100vw, 352px\" \/>\t\t\t\t\t\t\t\t\t\t\t\t\t\t\t<\/div>\n\t\t\t\t<\/div>\n\t\t\t\t<\/div>\n\t\t<div class=\"elementor-element elementor-element-dcc769c e-con-full e-flex e-con e-child\" data-id=\"dcc769c\" data-element_type=\"container\">\n\t\t\t\t<div class=\"elementor-element elementor-element-10afcb0 elementor-widget elementor-widget-image\" data-id=\"10afcb0\" data-element_type=\"widget\" data-widget_type=\"image.default\">\n\t\t\t\t<div class=\"elementor-widget-container\">\n\t\t\t\t\t\t\t\t\t\t\t\t\t\t\t<img decoding=\"async\" width=\"352\" height=\"273\" src=\"https:\/\/eu.vanilla-trade.com\/wp-content\/uploads\/2025\/06\/mexican02.webp\" class=\"attachment-large size-large wp-image-446\" alt=\"\" srcset=\"https:\/\/eu.vanilla-trade.com\/wp-content\/uploads\/2025\/06\/mexican02.webp 352w, https:\/\/eu.vanilla-trade.com\/wp-content\/uploads\/2025\/06\/mexican02-300x233.webp 300w\" sizes=\"(max-width: 352px) 100vw, 352px\" \/>\t\t\t\t\t\t\t\t\t\t\t\t\t\t\t<\/div>\n\t\t\t\t<\/div>\n\t\t\t\t<\/div>\n\t\t<div class=\"elementor-element elementor-element-cae9199 e-con-full e-flex e-con e-child\" data-id=\"cae9199\" data-element_type=\"container\">\n\t\t\t\t<div class=\"elementor-element elementor-element-fbee59e elementor-widget elementor-widget-image\" data-id=\"fbee59e\" data-element_type=\"widget\" data-widget_type=\"image.default\">\n\t\t\t\t<div class=\"elementor-widget-container\">\n\t\t\t\t\t\t\t\t\t\t\t\t\t\t\t<img loading=\"lazy\" decoding=\"async\" width=\"352\" height=\"273\" src=\"https:\/\/eu.vanilla-trade.com\/wp-content\/uploads\/2025\/06\/mexican03.webp\" class=\"attachment-large size-large wp-image-447\" alt=\"\" srcset=\"https:\/\/eu.vanilla-trade.com\/wp-content\/uploads\/2025\/06\/mexican03.webp 352w, https:\/\/eu.vanilla-trade.com\/wp-content\/uploads\/2025\/06\/mexican03-300x233.webp 300w\" sizes=\"(max-width: 352px) 100vw, 352px\" \/>\t\t\t\t\t\t\t\t\t\t\t\t\t\t\t<\/div>\n\t\t\t\t<\/div>\n\t\t\t\t<\/div>\n\t\t<div class=\"elementor-element elementor-element-cbb9111 e-con-full e-flex e-con e-child\" data-id=\"cbb9111\" data-element_type=\"container\">\n\t\t\t\t<div class=\"elementor-element elementor-element-e2fc34a elementor-widget elementor-widget-image\" data-id=\"e2fc34a\" data-element_type=\"widget\" data-widget_type=\"image.default\">\n\t\t\t\t<div class=\"elementor-widget-container\">\n\t\t\t\t\t\t\t\t\t\t\t\t\t\t\t<img loading=\"lazy\" decoding=\"async\" width=\"352\" height=\"273\" src=\"https:\/\/eu.vanilla-trade.com\/wp-content\/uploads\/2025\/06\/mexican04.webp\" class=\"attachment-large size-large wp-image-448\" alt=\"\" srcset=\"https:\/\/eu.vanilla-trade.com\/wp-content\/uploads\/2025\/06\/mexican04.webp 352w, https:\/\/eu.vanilla-trade.com\/wp-content\/uploads\/2025\/06\/mexican04-300x233.webp 300w\" sizes=\"(max-width: 352px) 100vw, 352px\" \/>\t\t\t\t\t\t\t\t\t\t\t\t\t\t\t<\/div>\n\t\t\t\t<\/div>\n\t\t\t\t<\/div>\n\t\t<div class=\"elementor-element elementor-element-cc9f0da e-con-full e-flex e-con e-child\" data-id=\"cc9f0da\" data-element_type=\"container\">\n\t\t\t\t<div class=\"elementor-element elementor-element-1ad4d70 elementor-widget elementor-widget-image\" data-id=\"1ad4d70\" data-element_type=\"widget\" data-widget_type=\"image.default\">\n\t\t\t\t<div class=\"elementor-widget-container\">\n\t\t\t\t\t\t\t\t\t\t\t\t\t\t\t<img loading=\"lazy\" decoding=\"async\" width=\"800\" height=\"600\" src=\"https:\/\/eu.vanilla-trade.com\/wp-content\/uploads\/2025\/07\/vanilla-drying-process-1024x768-1.webp\" class=\"attachment-large size-large wp-image-1292\" alt=\"\" srcset=\"https:\/\/eu.vanilla-trade.com\/wp-content\/uploads\/2025\/07\/vanilla-drying-process-1024x768-1.webp 800w, https:\/\/eu.vanilla-trade.com\/wp-content\/uploads\/2025\/07\/vanilla-drying-process-1024x768-1-300x225.webp 300w, https:\/\/eu.vanilla-trade.com\/wp-content\/uploads\/2025\/07\/vanilla-drying-process-1024x768-1-768x576.webp 768w, https:\/\/eu.vanilla-trade.com\/wp-content\/uploads\/2025\/07\/vanilla-drying-process-1024x768-1-600x450.webp 600w\" sizes=\"(max-width: 800px) 100vw, 800px\" \/>\t\t\t\t\t\t\t\t\t\t\t\t\t\t\t<\/div>\n\t\t\t\t<\/div>\n\t\t\t\t<\/div>\n\t\t<div class=\"elementor-element elementor-element-8ca1a26 e-con-full e-flex e-con e-child\" data-id=\"8ca1a26\" data-element_type=\"container\">\n\t\t\t\t<div class=\"elementor-element elementor-element-94d9ea9 elementor-widget elementor-widget-image\" data-id=\"94d9ea9\" data-element_type=\"widget\" data-widget_type=\"image.default\">\n\t\t\t\t<div class=\"elementor-widget-container\">\n\t\t\t\t\t\t\t\t\t\t\t\t\t\t\t<img loading=\"lazy\" decoding=\"async\" width=\"352\" height=\"273\" src=\"https:\/\/eu.vanilla-trade.com\/wp-content\/uploads\/2025\/06\/mexican06.webp\" class=\"attachment-large size-large wp-image-450\" alt=\"\" srcset=\"https:\/\/eu.vanilla-trade.com\/wp-content\/uploads\/2025\/06\/mexican06.webp 352w, https:\/\/eu.vanilla-trade.com\/wp-content\/uploads\/2025\/06\/mexican06-300x233.webp 300w\" sizes=\"(max-width: 352px) 100vw, 352px\" \/>\t\t\t\t\t\t\t\t\t\t\t\t\t\t\t<\/div>\n\t\t\t\t<\/div>\n\t\t\t\t<\/div>\n\t\t\t\t\t<\/div>\n\t\t\t\t<\/div>\n\t\t<div class=\"elementor-element elementor-element-336d8b3 e-flex e-con-boxed e-con e-parent\" data-id=\"336d8b3\" data-element_type=\"container\">\n\t\t\t\t\t<div class=\"e-con-inner\">\n\t\t<div class=\"elementor-element elementor-element-c3ee66c e-con-full e-flex e-con e-child\" data-id=\"c3ee66c\" data-element_type=\"container\">\n\t\t\t\t<div class=\"elementor-element elementor-element-3a8eed2 elementor-widget elementor-widget-text-editor\" data-id=\"3a8eed2\" data-element_type=\"widget\" data-widget_type=\"text-editor.default\">\n\t\t\t\t<div class=\"elementor-widget-container\">\n\t\t\t\t\t\t\t\t\t<h2 style=\"text-align: left;\">Sustainable vanilla cultivation in Mexico<\/h2><p>The goal of Vanilla-Trade is to develop a sustainable, traceable, and high-quality supply chain that respects the integrity of natural ecosystems and helps improve the living conditions of vanilla-growing communities throughout Mexico. We support the creation of cooperatives, organic farming, the preservation of tropical forests, fair prices, and the further development of local communities. This direct trade model allows us to pay farmers a premium price for exceptional vanilla beans while still offering competitive prices to our customers. In line with Vanilla-Trade\u2019s vision and mission and to achieve the goals of sustainable development, the company is committed to several key points towards its partners, employees, and customers as follows:<\/p><p>\u00a0<\/p><p><i class=\"fa fa-check-circle\" style=\"color: #4f2c1d;\" aria-hidden=\"true\"><\/i> <strong>Development of sustainable vanilla production<\/strong> in agroforestry systems (as a main or intercrop), to ensure producers a stable income and to improve their productivity and quality of life.<\/p><p><i class=\"fa fa-check-circle\" style=\"color: #4f2c1d;\" aria-hidden=\"true\"><\/i> <strong>Organization and structuring of producer associations<\/strong> (Provision of know-how, plants, tools, training, and quality through good agricultural practices and organic methods).<\/p><p><i class=\"fa fa-check-circle\" style=\"color: #4f2c1d;\" aria-hidden=\"true\"><\/i> <strong>Ensuring fair prices<\/strong> for the producers through a base price and participation in the actual sales price.<\/p><p><i class=\"fa fa-check-circle\" style=\"color: #4f2c1d;\" aria-hidden=\"true\"><\/i> <strong>Comprehensive traceability<\/strong> through the implementation of a system that tracks vanilla from the cultivation area to the final destination.<\/p><p><i class=\"fa fa-check-circle\" style=\"color: #4f2c1d;\" aria-hidden=\"true\"><\/i> <strong>Provision of a percentage of sales<\/strong> for sustainable conservation measures in protected areas.<\/p><p><i class=\"fa fa-check-circle\" style=\"color: #4f2c1d;\" aria-hidden=\"true\"><\/i> <strong>Promotion of interaction<\/strong> between producers, traders, consumers, and key stakeholders in environmental protection.<\/p>\t\t\t\t\t\t\t\t<\/div>\n\t\t\t\t<\/div>\n\t\t\t\t<\/div>\n\t\t\t\t\t<\/div>\n\t\t\t\t<\/div>\n\t\t<div class=\"elementor-element elementor-element-246311c e-flex e-con-boxed e-con e-parent\" data-id=\"246311c\" data-element_type=\"container\">\n\t\t\t\t\t<div class=\"e-con-inner\">\n\t\t<div class=\"elementor-element elementor-element-f719d2d e-con-full e-flex e-con e-child\" data-id=\"f719d2d\" data-element_type=\"container\">\n\t\t\t\t<div class=\"elementor-element elementor-element-59aa478 elementor-widget elementor-widget-video\" data-id=\"59aa478\" data-element_type=\"widget\" data-settings=\"{&quot;youtube_url&quot;:&quot;https:\\\/\\\/youtu.be\\\/k0q0IqfAXJI&quot;,&quot;video_type&quot;:&quot;youtube&quot;,&quot;controls&quot;:&quot;yes&quot;}\" data-widget_type=\"video.default\">\n\t\t\t\t<div class=\"elementor-widget-container\">\n\t\t\t\t\t\t\t<div class=\"elementor-wrapper elementor-open-inline\">\n\t\t\t<div class=\"elementor-video\"><\/div>\t\t<\/div>\n\t\t\t\t\t\t<\/div>\n\t\t\t\t<\/div>\n\t\t\t\t<\/div>\n\t\t\t\t\t<\/div>\n\t\t\t\t<\/div>\n\t\t\t\t<\/div>","protected":false},"excerpt":{"rendered":"<p>Nachhaltiger Vanilleanbau MEXIKANISCHE UR-VANILLE Vanille ist ein unverzichtbarer Bestandteil, der in vielen Industriezweigen, einschlie\u00dflich der Lebensmittel-, Kosmetik- und Parf\u00fcmindustrie, weit verbreitete Anwendung findet. 80% der weltweiten Vanilleproduktion konzentriert sich auf Madagaskar, aber wussten Sie eigentlich, dassMexiko das Ursprungsland der Vanille ist? Kakao und Vanille sind mexikanische Errungenschaften, die seit Jahrhunderten die K\u00fcchen der Welt bereichern. [&hellip;]<\/p>","protected":false},"author":1,"featured_media":0,"parent":0,"menu_order":0,"comment_status":"closed","ping_status":"closed","template":"elementor_header_footer","meta":{"footnotes":""},"class_list":["post-14","page","type-page","status-publish","hentry"],"_links":{"self":[{"href":"https:\/\/eu.vanilla-trade.com\/en\/wp-json\/wp\/v2\/pages\/14","targetHints":{"allow":["GET"]}}],"collection":[{"href":"https:\/\/eu.vanilla-trade.com\/en\/wp-json\/wp\/v2\/pages"}],"about":[{"href":"https:\/\/eu.vanilla-trade.com\/en\/wp-json\/wp\/v2\/types\/page"}],"author":[{"embeddable":true,"href":"https:\/\/eu.vanilla-trade.com\/en\/wp-json\/wp\/v2\/users\/1"}],"replies":[{"embeddable":true,"href":"https:\/\/eu.vanilla-trade.com\/en\/wp-json\/wp\/v2\/comments?post=14"}],"version-history":[{"count":0,"href":"https:\/\/eu.vanilla-trade.com\/en\/wp-json\/wp\/v2\/pages\/14\/revisions"}],"wp:attachment":[{"href":"https:\/\/eu.vanilla-trade.com\/en\/wp-json\/wp\/v2\/media?parent=14"}],"curies":[{"name":"wp","href":"https:\/\/api.w.org\/{rel}","templated":true}]}}