{"id":12,"date":"2025-06-04T23:24:28","date_gmt":"2025-06-04T23:24:28","guid":{"rendered":"https:\/\/eu.vanilla-trade.com\/?page_id=12"},"modified":"2025-09-30T20:24:45","modified_gmt":"2025-10-01T01:24:45","slug":"uber-uns","status":"publish","type":"page","link":"https:\/\/eu.vanilla-trade.com\/en\/uber-uns\/","title":{"rendered":"About us"},"content":{"rendered":"<div data-elementor-type=\"wp-page\" data-elementor-id=\"12\" class=\"elementor elementor-12\" data-elementor-post-type=\"page\">\n\t\t\t\t<div class=\"elementor-element elementor-element-f3d9b25 e-flex e-con-boxed e-con e-parent\" data-id=\"f3d9b25\" data-element_type=\"container\" data-settings=\"{&quot;background_background&quot;:&quot;classic&quot;}\">\n\t\t\t\t\t<div class=\"e-con-inner\">\n\t\t\t\t<div class=\"elementor-element elementor-element-c3fc3b3 elementor-widget elementor-widget-heading\" data-id=\"c3fc3b3\" data-element_type=\"widget\" data-widget_type=\"heading.default\">\n\t\t\t\t<div class=\"elementor-widget-container\">\n\t\t\t\t\t<h2 class=\"elementor-heading-title elementor-size-default\">About us<\/h2>\t\t\t\t<\/div>\n\t\t\t\t<\/div>\n\t\t\t\t\t<\/div>\n\t\t\t\t<\/div>\n\t\t<div class=\"elementor-element elementor-element-49906fb e-flex e-con-boxed e-con e-parent\" data-id=\"49906fb\" data-element_type=\"container\">\n\t\t\t\t\t<div class=\"e-con-inner\">\n\t\t<div class=\"elementor-element elementor-element-a210ffa e-con-full e-flex e-con e-child\" data-id=\"a210ffa\" data-element_type=\"container\">\n\t\t\t\t<div class=\"elementor-element elementor-element-3b406b2 elementor-widget elementor-widget-heading\" data-id=\"3b406b2\" data-element_type=\"widget\" data-widget_type=\"heading.default\">\n\t\t\t\t<div class=\"elementor-widget-container\">\n\t\t\t\t\t<h2 class=\"elementor-heading-title elementor-size-default\">About us<\/h2>\t\t\t\t<\/div>\n\t\t\t\t<\/div>\n\t\t\t\t<div class=\"elementor-element elementor-element-cde5880 elementor-widget elementor-widget-image\" data-id=\"cde5880\" data-element_type=\"widget\" data-widget_type=\"image.default\">\n\t\t\t\t<div class=\"elementor-widget-container\">\n\t\t\t\t\t\t\t\t\t\t\t\t\t\t\t<img decoding=\"async\" width=\"55\" height=\"4\" src=\"https:\/\/eu.vanilla-trade.com\/wp-content\/uploads\/2025\/06\/after_amarillo.png\" class=\"attachment-large size-large wp-image-200\" alt=\"\" \/>\t\t\t\t\t\t\t\t\t\t\t\t\t\t\t<\/div>\n\t\t\t\t<\/div>\n\t\t\t\t<div class=\"elementor-element elementor-element-6672bff elementor-widget elementor-widget-text-editor\" data-id=\"6672bff\" data-element_type=\"widget\" data-widget_type=\"text-editor.default\">\n\t\t\t\t<div class=\"elementor-widget-container\">\n\t\t\t\t\t\t\t\t\t<p>We own our own vanilla plantations and are committed to bringing together small farmers and cooperatives to restore Mexican national vanilla to a stable position in the global market. We are a leading Mexican company dedicated to sustainable and socially responsible vanilla cultivation by promoting and supporting small producers.<\/p><p>Wir haben eigene Vanilleplantagen und engagieren uns daf\u00fcr, Kleinbauern in Kooperativen zusammenzuf\u00fchren , die nationale Vanilleproduktion zu steigern, den Vanilleanbau auf verschiedene Regionen auszudehnen, den \u00f6kologischen Landbau zu propagieren und dabei auf Umwelt und gerechte Verteilung zu achten. Vanilla-Trade ist ein Unternehmen, das sich auf die F\u00f6rderung der mexikanischen Gourmet-Vanille spezialisiert hat. <span style=\"font-weight: 400;\">Das Unternehmen wurde 2005 gegr\u00fcndet und vertreibt von Veracruz aus qualitativ hochwertige Vanille aus ihrem <\/span><span style=\"font-weight: 400;\">Ursprungsland<\/span><span style=\"font-weight: 400;\"> Mexiko.<\/span><\/p>\t\t\t\t\t\t\t\t<\/div>\n\t\t\t\t<\/div>\n\t\t\t\t<\/div>\n\t\t<div class=\"elementor-element elementor-element-2b5788f e-con-full e-flex e-con e-child\" data-id=\"2b5788f\" data-element_type=\"container\">\n\t\t\t\t<div class=\"elementor-element elementor-element-2ae2133 elementor-widget elementor-widget-image\" data-id=\"2ae2133\" data-element_type=\"widget\" data-widget_type=\"image.default\">\n\t\t\t\t<div class=\"elementor-widget-container\">\n\t\t\t\t\t\t\t\t\t\t\t\t\t\t\t<img fetchpriority=\"high\" decoding=\"async\" width=\"381\" height=\"387\" src=\"https:\/\/eu.vanilla-trade.com\/wp-content\/uploads\/2025\/06\/about_us_01.webp\" class=\"attachment-large size-large wp-image-423\" alt=\"\" srcset=\"https:\/\/eu.vanilla-trade.com\/wp-content\/uploads\/2025\/06\/about_us_01.webp 381w, https:\/\/eu.vanilla-trade.com\/wp-content\/uploads\/2025\/06\/about_us_01-295x300.webp 295w\" sizes=\"(max-width: 381px) 100vw, 381px\" \/>\t\t\t\t\t\t\t\t\t\t\t\t\t\t\t<\/div>\n\t\t\t\t<\/div>\n\t\t\t\t<\/div>\n\t\t\t\t\t<\/div>\n\t\t\t\t<\/div>\n\t\t<div class=\"elementor-element elementor-element-f43776a e-flex e-con-boxed e-con e-parent\" data-id=\"f43776a\" data-element_type=\"container\">\n\t\t\t\t\t<div class=\"e-con-inner\">\n\t\t\t\t<div class=\"elementor-element elementor-element-b2eeaa7 elementor-widget elementor-widget-text-editor\" data-id=\"b2eeaa7\" data-element_type=\"widget\" data-widget_type=\"text-editor.default\">\n\t\t\t\t<div class=\"elementor-widget-container\">\n\t\t\t\t\t\t\t\t\t<p>\u00a0<\/p><p>Since 2009, Vanilla-Trade has been working with local farmers to optimize production and distribution and to support the sustainable cultivation of vanilla by small, regional growers. In 2011, Alfagama S.A. de C.V. was founded as the parent company of the brands Vanilla-Trade and Kua Kama. Since 2019, we have established our own vanilla plantations, mainly in the rainforest, using agroforestry with cacao trees. The founders, the German Nadja Schumann and her Mexican partner Jose Manuel Rodriguez Nieto, aim to make Mexican gourmet vanilla\u2014a world heritage product from Mexico\u2014available worldwide for connoisseurs, food specialists, enthusiasts, and manufacturers, while at the same time expanding national vanilla cultivation to a larger region and supporting small farmers so that this native Mexican spice does not disappear.<\/p>\t\t\t\t\t\t\t\t<\/div>\n\t\t\t\t<\/div>\n\t\t\t\t\t<\/div>\n\t\t\t\t<\/div>\n\t\t<div class=\"elementor-element elementor-element-3aaa6c8 e-flex e-con-boxed e-con e-parent\" data-id=\"3aaa6c8\" data-element_type=\"container\">\n\t\t\t\t\t<div class=\"e-con-inner\">\n\t\t<div class=\"elementor-element elementor-element-8e18e87 e-con-full e-flex e-con e-child\" data-id=\"8e18e87\" data-element_type=\"container\">\n\t\t\t\t<div class=\"elementor-element elementor-element-0a66eaf elementor-widget elementor-widget-image\" data-id=\"0a66eaf\" data-element_type=\"widget\" data-widget_type=\"image.default\">\n\t\t\t\t<div class=\"elementor-widget-container\">\n\t\t\t\t\t\t\t\t\t\t\t\t\t\t\t<img decoding=\"async\" width=\"495\" height=\"357\" src=\"https:\/\/eu.vanilla-trade.com\/wp-content\/uploads\/2025\/06\/about_us_02.webp\" class=\"attachment-large size-large wp-image-427\" alt=\"\" srcset=\"https:\/\/eu.vanilla-trade.com\/wp-content\/uploads\/2025\/06\/about_us_02.webp 495w, https:\/\/eu.vanilla-trade.com\/wp-content\/uploads\/2025\/06\/about_us_02-416x300.webp 416w, https:\/\/eu.vanilla-trade.com\/wp-content\/uploads\/2025\/06\/about_us_02-300x216.webp 300w\" sizes=\"(max-width: 495px) 100vw, 495px\" \/>\t\t\t\t\t\t\t\t\t\t\t\t\t\t\t<\/div>\n\t\t\t\t<\/div>\n\t\t\t\t<\/div>\n\t\t<div class=\"elementor-element elementor-element-1d332a2 e-con-full e-flex e-con e-child\" data-id=\"1d332a2\" data-element_type=\"container\">\n\t\t\t\t<div class=\"elementor-element elementor-element-7ac05bc elementor-widget elementor-widget-image\" data-id=\"7ac05bc\" data-element_type=\"widget\" data-widget_type=\"image.default\">\n\t\t\t\t<div class=\"elementor-widget-container\">\n\t\t\t\t\t\t\t\t\t\t\t\t\t\t\t<img loading=\"lazy\" decoding=\"async\" width=\"495\" height=\"357\" src=\"https:\/\/eu.vanilla-trade.com\/wp-content\/uploads\/2025\/06\/about_us_03.webp\" class=\"attachment-large size-large wp-image-428\" alt=\"\" srcset=\"https:\/\/eu.vanilla-trade.com\/wp-content\/uploads\/2025\/06\/about_us_03.webp 495w, https:\/\/eu.vanilla-trade.com\/wp-content\/uploads\/2025\/06\/about_us_03-416x300.webp 416w, https:\/\/eu.vanilla-trade.com\/wp-content\/uploads\/2025\/06\/about_us_03-300x216.webp 300w\" sizes=\"(max-width: 495px) 100vw, 495px\" \/>\t\t\t\t\t\t\t\t\t\t\t\t\t\t\t<\/div>\n\t\t\t\t<\/div>\n\t\t\t\t<\/div>\n\t\t<div class=\"elementor-element elementor-element-98a8c69 e-con-full e-flex e-con e-child\" data-id=\"98a8c69\" data-element_type=\"container\">\n\t\t\t\t<div class=\"elementor-element elementor-element-b853b3d elementor-widget elementor-widget-image\" data-id=\"b853b3d\" data-element_type=\"widget\" data-widget_type=\"image.default\">\n\t\t\t\t<div class=\"elementor-widget-container\">\n\t\t\t\t\t\t\t\t\t\t\t\t\t\t\t<img loading=\"lazy\" decoding=\"async\" width=\"495\" height=\"357\" src=\"https:\/\/eu.vanilla-trade.com\/wp-content\/uploads\/2025\/06\/about_us_04.webp\" class=\"attachment-large size-large wp-image-429\" alt=\"\" srcset=\"https:\/\/eu.vanilla-trade.com\/wp-content\/uploads\/2025\/06\/about_us_04.webp 495w, https:\/\/eu.vanilla-trade.com\/wp-content\/uploads\/2025\/06\/about_us_04-416x300.webp 416w, https:\/\/eu.vanilla-trade.com\/wp-content\/uploads\/2025\/06\/about_us_04-300x216.webp 300w\" sizes=\"(max-width: 495px) 100vw, 495px\" \/>\t\t\t\t\t\t\t\t\t\t\t\t\t\t\t<\/div>\n\t\t\t\t<\/div>\n\t\t\t\t<\/div>\n\t\t\t\t\t<\/div>\n\t\t\t\t<\/div>\n\t\t\t\t<\/div>","protected":false},"excerpt":{"rendered":"<p>\u00dcber uns \u00dcber uns Wir haben eigene Vanilleplantagen und engagieren uns daf\u00fcr, Kleinbauern und Kooperativen zusammenzuf\u00fchren, um die nationale mexikanische Vanille wieder zu einer stabilen Position auf dem Weltmarkt zu bringen. Wir sind ein f\u00fchrendes mexikanisches Unternehmen, das sich f\u00fcr den nachhaltigen und sozialen Vanilleanbau durch F\u00f6rderung und Unterst\u00fctzung der Kleinproduzenten einsetzt. Wir haben eigene [&hellip;]<\/p>","protected":false},"author":1,"featured_media":0,"parent":0,"menu_order":0,"comment_status":"closed","ping_status":"closed","template":"elementor_header_footer","meta":{"footnotes":""},"class_list":["post-12","page","type-page","status-publish","hentry"],"_links":{"self":[{"href":"https:\/\/eu.vanilla-trade.com\/en\/wp-json\/wp\/v2\/pages\/12","targetHints":{"allow":["GET"]}}],"collection":[{"href":"https:\/\/eu.vanilla-trade.com\/en\/wp-json\/wp\/v2\/pages"}],"about":[{"href":"https:\/\/eu.vanilla-trade.com\/en\/wp-json\/wp\/v2\/types\/page"}],"author":[{"embeddable":true,"href":"https:\/\/eu.vanilla-trade.com\/en\/wp-json\/wp\/v2\/users\/1"}],"replies":[{"embeddable":true,"href":"https:\/\/eu.vanilla-trade.com\/en\/wp-json\/wp\/v2\/comments?post=12"}],"version-history":[{"count":0,"href":"https:\/\/eu.vanilla-trade.com\/en\/wp-json\/wp\/v2\/pages\/12\/revisions"}],"wp:attachment":[{"href":"https:\/\/eu.vanilla-trade.com\/en\/wp-json\/wp\/v2\/media?parent=12"}],"curies":[{"name":"wp","href":"https:\/\/api.w.org\/{rel}","templated":true}]}}